{"id":81,"date":"2025-08-28T03:31:32","date_gmt":"2025-08-28T03:31:32","guid":{"rendered":"https:\/\/hoangthien.toidayhoc.com\/?post_type=product&#038;p=81"},"modified":"2025-08-29T02:45:49","modified_gmt":"2025-08-29T02:45:49","slug":"ao-thun-co-tron-dap-noi-chat-vai-100-cotton","status":"publish","type":"product","link":"https:\/\/hoangthien.toidayhoc.com\/index.php\/product\/ao-thun-co-tron-dap-noi-chat-vai-100-cotton\/","title":{"rendered":"\u00c1o thun c\u1ed5 tron d\u1eadp n\u1ed7i ch\u1ea5t v\u1ea3i 100% cotton"},"content":{"rendered":"<p data-start=\"173\" data-end=\"226\"><strong data-start=\"173\" data-end=\"226\">\u00c1o thun nam in d\u1eadp n\u1ed5i \u2013 Ch\u1ea5t cotton 100% cao c\u1ea5p<\/strong><\/p>\n<p data-start=\"228\" data-end=\"455\">Mang \u0111\u1ebfn s\u1ef1 k\u1ebft h\u1ee3p ho\u00e0n h\u1ea3o gi\u1eefa <strong data-start=\"262\" data-end=\"296\">phong c\u00e1ch th\u1eddi trang hi\u1ec7n \u0111\u1ea1i<\/strong> v\u00e0 <strong data-start=\"300\" data-end=\"333\">t\u00ednh n\u0103ng ti\u1ec7n d\u1ee5ng h\u00e0ng ng\u00e0y<\/strong>, chi\u1ebfc \u00e1o thun in d\u1eadp n\u1ed5i n\u00e0y l\u00e0 l\u1ef1a ch\u1ecdn l\u00fd t\u01b0\u1edfng cho ph\u00e1i m\u1ea1nh y\u00eau th\u00edch s\u1ef1 <strong data-start=\"412\" data-end=\"454\">tho\u1ea3i m\u00e1i nh\u01b0ng v\u1eabn l\u1ecbch l\u00e3m, nam t\u00ednh<\/strong>.<\/p>\n<ul data-start=\"457\" data-end=\"1078\">\n<li data-start=\"457\" data-end=\"656\">\n<p data-start=\"459\" data-end=\"656\"><strong data-start=\"459\" data-end=\"473\">Ch\u1ea5t li\u1ec7u:<\/strong> V\u1ea3i <strong data-start=\"478\" data-end=\"498\">thun cotton 100%<\/strong> cao c\u1ea5p, m\u1ec1m m\u1ea1i, m\u1ecbn m\u00e0ng khi ch\u1ea1m v\u00e0o, cho c\u1ea3m gi\u00e1c d\u1ec5 ch\u1ecbu su\u1ed1t c\u1ea3 ng\u00e0y. V\u1ea3i c\u00f3 kh\u1ea3 n\u0103ng <strong data-start=\"591\" data-end=\"614\">th\u1ea5m h\u00fat m\u1ed3 h\u00f4i t\u1ed1t<\/strong>, tho\u00e1ng m\u00e1t, ph\u00f9 h\u1ee3p v\u1edbi kh\u00ed h\u1eadu n\u00f3ng \u1ea9m.<\/p>\n<\/li>\n<li data-start=\"657\" data-end=\"817\">\n<p data-start=\"659\" data-end=\"817\"><strong data-start=\"659\" data-end=\"673\">Ki\u1ec3u d\u00e1ng:<\/strong> <strong data-start=\"674\" data-end=\"691\">Phom r\u1ed9ng r\u00e3i<\/strong>, kh\u00f4ng g\u00f2 b\u00f3, t\u1ea1o c\u1ea3m gi\u00e1c t\u1ef1 do khi v\u1eadn \u0111\u1ed9ng nh\u01b0ng v\u1eabn <strong data-start=\"748\" data-end=\"776\">gi\u1eef \u0111\u01b0\u1ee3c form d\u00e1ng chu\u1ea9n<\/strong>, gi\u00fap t\u00f4n l\u00ean v\u1ebb nam t\u00ednh v\u00e0 sang tr\u1ecdng.<\/p>\n<\/li>\n<li data-start=\"818\" data-end=\"978\">\n<p data-start=\"820\" data-end=\"978\"><strong data-start=\"820\" data-end=\"833\">Thi\u1ebft k\u1ebf:<\/strong> \u0110i\u1ec3m nh\u1ea5n v\u1edbi chi ti\u1ebft <strong data-start=\"857\" data-end=\"879\">in d\u1eadp n\u1ed5i tinh t\u1ebf<\/strong>, t\u1ea1o chi\u1ec1u s\u00e2u v\u00e0 c\u00e1 t\u00ednh cho trang ph\u1ee5c, d\u1ec5 ph\u1ed1i v\u1edbi nhi\u1ec1u ki\u1ec3u qu\u1ea7n nh\u01b0 jeans, kaki ho\u1eb7c jogger.<\/p>\n<\/li>\n<li data-start=\"979\" data-end=\"1078\">\n<p data-start=\"981\" data-end=\"1078\"><strong data-start=\"981\" data-end=\"996\">Phong c\u00e1ch:<\/strong> Th\u00edch h\u1ee3p cho nhi\u1ec1u ho\u00e0n c\u1ea3nh \u2013 t\u1eeb \u0111i l\u00e0m, \u0111i ch\u01a1i, \u0111\u1ebfn c\u00e1c bu\u1ed5i g\u1eb7p g\u1ee1 th\u00e2n m\u1ead<img loading=\"lazy\" decoding=\"async\" class=\"alignnone size-medium wp-image-82\" src=\"https:\/\/hoangthien.toidayhoc.com\/wp-content\/uploads\/2025\/08\/z6952543355785_0abe43ef6af95461e7fddbe9b06a4c7d_cleanup-300x300.png\" alt=\"\" width=\"300\" height=\"300\" srcset=\"https:\/\/hoangthien.toidayhoc.com\/wp-content\/uploads\/2025\/08\/z6952543355785_0abe43ef6af95461e7fddbe9b06a4c7d_cleanup-300x300.png 300w, https:\/\/hoangthien.toidayhoc.com\/wp-content\/uploads\/2025\/08\/z6952543355785_0abe43ef6af95461e7fddbe9b06a4c7d_cleanup-150x150.png 150w, https:\/\/hoangthien.toidayhoc.com\/wp-content\/uploads\/2025\/08\/z6952543355785_0abe43ef6af95461e7fddbe9b06a4c7d_cleanup-100x100.png 100w, https:\/\/hoangthien.toidayhoc.com\/wp-content\/uploads\/2025\/08\/z6952543355785_0abe43ef6af95461e7fddbe9b06a4c7d_cleanup-600x600.png 600w, https:\/\/hoangthien.toidayhoc.com\/wp-content\/uploads\/2025\/08\/z6952543355785_0abe43ef6af95461e7fddbe9b06a4c7d_cleanup.png 720w\" sizes=\"auto, (max-width: 300px) 100vw, 300px\" \/><img loading=\"lazy\" decoding=\"async\" class=\"alignnone size-medium wp-image-83\" src=\"https:\/\/hoangthien.toidayhoc.com\/wp-content\/uploads\/2025\/08\/z6952543352653_b2ac901ef317ca45c2404fac0e735550_cleanup-300x300.png\" alt=\"\" width=\"300\" height=\"300\" srcset=\"https:\/\/hoangthien.toidayhoc.com\/wp-content\/uploads\/2025\/08\/z6952543352653_b2ac901ef317ca45c2404fac0e735550_cleanup-300x300.png 300w, https:\/\/hoangthien.toidayhoc.com\/wp-content\/uploads\/2025\/08\/z6952543352653_b2ac901ef317ca45c2404fac0e735550_cleanup-150x150.png 150w, https:\/\/hoangthien.toidayhoc.com\/wp-content\/uploads\/2025\/08\/z6952543352653_b2ac901ef317ca45c2404fac0e735550_cleanup-100x100.png 100w, https:\/\/hoangthien.toidayhoc.com\/wp-content\/uploads\/2025\/08\/z6952543352653_b2ac901ef317ca45c2404fac0e735550_cleanup-600x600.png 600w, https:\/\/hoangthien.toidayhoc.com\/wp-content\/uploads\/2025\/08\/z6952543352653_b2ac901ef317ca45c2404fac0e735550_cleanup.png 720w\" sizes=\"auto, (max-width: 300px) 100vw, 300px\" \/> <img loading=\"lazy\" decoding=\"async\" class=\"alignnone size-medium wp-image-84\" src=\"https:\/\/hoangthien.toidayhoc.com\/wp-content\/uploads\/2025\/08\/z6952543342485_c2e074c496181dce0ad2bbab88d401e2_cleanup-300x300.png\" alt=\"\" width=\"300\" height=\"300\" srcset=\"https:\/\/hoangthien.toidayhoc.com\/wp-content\/uploads\/2025\/08\/z6952543342485_c2e074c496181dce0ad2bbab88d401e2_cleanup-300x300.png 300w, https:\/\/hoangthien.toidayhoc.com\/wp-content\/uploads\/2025\/08\/z6952543342485_c2e074c496181dce0ad2bbab88d401e2_cleanup-150x150.png 150w, https:\/\/hoangthien.toidayhoc.com\/wp-content\/uploads\/2025\/08\/z6952543342485_c2e074c496181dce0ad2bbab88d401e2_cleanup-100x100.png 100w, https:\/\/hoangthien.toidayhoc.com\/wp-content\/uploads\/2025\/08\/z6952543342485_c2e074c496181dce0ad2bbab88d401e2_cleanup-600x600.png 600w, https:\/\/hoangthien.toidayhoc.com\/wp-content\/uploads\/2025\/08\/z6952543342485_c2e074c496181dce0ad2bbab88d401e2_cleanup.png 720w\" sizes=\"auto, (max-width: 300px) 100vw, 300px\" \/> <img loading=\"lazy\" decoding=\"async\" class=\"alignnone size-medium wp-image-85\" src=\"https:\/\/hoangthien.toidayhoc.com\/wp-content\/uploads\/2025\/08\/z6952543341266_5d23aa9c4153d5d6f65d2e3abd27606d_cleanup-300x300.png\" alt=\"\" width=\"300\" height=\"300\" srcset=\"https:\/\/hoangthien.toidayhoc.com\/wp-content\/uploads\/2025\/08\/z6952543341266_5d23aa9c4153d5d6f65d2e3abd27606d_cleanup-300x300.png 300w, https:\/\/hoangthien.toidayhoc.com\/wp-content\/uploads\/2025\/08\/z6952543341266_5d23aa9c4153d5d6f65d2e3abd27606d_cleanup-150x150.png 150w, https:\/\/hoangthien.toidayhoc.com\/wp-content\/uploads\/2025\/08\/z6952543341266_5d23aa9c4153d5d6f65d2e3abd27606d_cleanup-100x100.png 100w, https:\/\/hoangthien.toidayhoc.com\/wp-content\/uploads\/2025\/08\/z6952543341266_5d23aa9c4153d5d6f65d2e3abd27606d_cleanup-600x600.png 600w, https:\/\/hoangthien.toidayhoc.com\/wp-content\/uploads\/2025\/08\/z6952543341266_5d23aa9c4153d5d6f65d2e3abd27606d_cleanup.png 720w\" sizes=\"auto, (max-width: 300px) 100vw, 300px\" \/><img loading=\"lazy\" decoding=\"async\" class=\"alignnone size-medium wp-image-86\" src=\"https:\/\/hoangthien.toidayhoc.com\/wp-content\/uploads\/2025\/08\/z6952543338403_04cabee2fa8e8685adfa32c01442f18e_cleanup-300x300.png\" alt=\"\" width=\"300\" height=\"300\" srcset=\"https:\/\/hoangthien.toidayhoc.com\/wp-content\/uploads\/2025\/08\/z6952543338403_04cabee2fa8e8685adfa32c01442f18e_cleanup-300x300.png 300w, https:\/\/hoangthien.toidayhoc.com\/wp-content\/uploads\/2025\/08\/z6952543338403_04cabee2fa8e8685adfa32c01442f18e_cleanup-150x150.png 150w, https:\/\/hoangthien.toidayhoc.com\/wp-content\/uploads\/2025\/08\/z6952543338403_04cabee2fa8e8685adfa32c01442f18e_cleanup-100x100.png 100w, https:\/\/hoangthien.toidayhoc.com\/wp-content\/uploads\/2025\/08\/z6952543338403_04cabee2fa8e8685adfa32c01442f18e_cleanup-600x600.png 600w, https:\/\/hoangthien.toidayhoc.com\/wp-content\/uploads\/2025\/08\/z6952543338403_04cabee2fa8e8685adfa32c01442f18e_cleanup.png 720w\" sizes=\"auto, (max-width: 300px) 100vw, 300px\" \/><img loading=\"lazy\" decoding=\"async\" class=\"alignnone size-medium wp-image-87\" src=\"https:\/\/hoangthien.toidayhoc.com\/wp-content\/uploads\/2025\/08\/z6952543327253_4943b582f847bc37f2ad20e364fd6d0f_cleanup-300x300.png\" alt=\"\" width=\"300\" height=\"300\" srcset=\"https:\/\/hoangthien.toidayhoc.com\/wp-content\/uploads\/2025\/08\/z6952543327253_4943b582f847bc37f2ad20e364fd6d0f_cleanup-300x300.png 300w, https:\/\/hoangthien.toidayhoc.com\/wp-content\/uploads\/2025\/08\/z6952543327253_4943b582f847bc37f2ad20e364fd6d0f_cleanup-150x150.png 150w, https:\/\/hoangthien.toidayhoc.com\/wp-content\/uploads\/2025\/08\/z6952543327253_4943b582f847bc37f2ad20e364fd6d0f_cleanup-100x100.png 100w, https:\/\/hoangthien.toidayhoc.com\/wp-content\/uploads\/2025\/08\/z6952543327253_4943b582f847bc37f2ad20e364fd6d0f_cleanup-600x600.png 600w, https:\/\/hoangthien.toidayhoc.com\/wp-content\/uploads\/2025\/08\/z6952543327253_4943b582f847bc37f2ad20e364fd6d0f_cleanup.png 720w\" sizes=\"auto, (max-width: 300px) 100vw, 300px\" \/> <img loading=\"lazy\" decoding=\"async\" class=\"alignnone size-medium wp-image-88\" src=\"https:\/\/hoangthien.toidayhoc.com\/wp-content\/uploads\/2025\/08\/z6952543314318_ffe97512865505a7abcc7ed484f90a73_cleanup-300x300.png\" alt=\"\" width=\"300\" height=\"300\" srcset=\"https:\/\/hoangthien.toidayhoc.com\/wp-content\/uploads\/2025\/08\/z6952543314318_ffe97512865505a7abcc7ed484f90a73_cleanup-300x300.png 300w, https:\/\/hoangthien.toidayhoc.com\/wp-content\/uploads\/2025\/08\/z6952543314318_ffe97512865505a7abcc7ed484f90a73_cleanup-150x150.png 150w, https:\/\/hoangthien.toidayhoc.com\/wp-content\/uploads\/2025\/08\/z6952543314318_ffe97512865505a7abcc7ed484f90a73_cleanup-100x100.png 100w, https:\/\/hoangthien.toidayhoc.com\/wp-content\/uploads\/2025\/08\/z6952543314318_ffe97512865505a7abcc7ed484f90a73_cleanup-600x600.png 600w, https:\/\/hoangthien.toidayhoc.com\/wp-content\/uploads\/2025\/08\/z6952543314318_ffe97512865505a7abcc7ed484f90a73_cleanup.png 720w\" sizes=\"auto, (max-width: 300px) 100vw, 300px\" \/> <img loading=\"lazy\" decoding=\"async\" class=\"alignnone size-medium wp-image-89\" src=\"https:\/\/hoangthien.toidayhoc.com\/wp-content\/uploads\/2025\/08\/z6952543324929_00e5835dcc783db87eda3c2853784e20_cleanup-300x300.png\" alt=\"\" width=\"300\" height=\"300\" srcset=\"https:\/\/hoangthien.toidayhoc.com\/wp-content\/uploads\/2025\/08\/z6952543324929_00e5835dcc783db87eda3c2853784e20_cleanup-300x300.png 300w, https:\/\/hoangthien.toidayhoc.com\/wp-content\/uploads\/2025\/08\/z6952543324929_00e5835dcc783db87eda3c2853784e20_cleanup-150x150.png 150w, https:\/\/hoangthien.toidayhoc.com\/wp-content\/uploads\/2025\/08\/z6952543324929_00e5835dcc783db87eda3c2853784e20_cleanup-100x100.png 100w, https:\/\/hoangthien.toidayhoc.com\/wp-content\/uploads\/2025\/08\/z6952543324929_00e5835dcc783db87eda3c2853784e20_cleanup-600x600.png 600w, https:\/\/hoangthien.toidayhoc.com\/wp-content\/uploads\/2025\/08\/z6952543324929_00e5835dcc783db87eda3c2853784e20_cleanup.png 720w\" sizes=\"auto, (max-width: 300px) 100vw, 300px\" \/><\/p>\n<\/li>\n<\/ul>\n","protected":false},"excerpt":{"rendered":"<p>\u00c1o thun c\u1ed5 tr\u00f2n v\u1edbi ch\u1ea5t li\u1ec7u cotton 100% th\u00ec trong t\u1ee7 \u0111\u00f2 ae n\u00e0o c\u0169ng c\u00f3. v\u00ec n\u00f3 \u0111em l\u1ea1i s\u1ef1 tho\u1ea3i m\u00e1t tho\u00e1ng m\u00e1t khi m\u1eb7t. co gi\u1ea3n 4 chi\u1ec1u th\u1ea5m h\u00fat m\u1ed3 h\u00f4i t\u1ed1t phom d\u00e1ng tho\u1ea3i m\u00e1i k\u1ebft h\u1ee3p v\u1edbi qu\u1ea7n g\u00ec c\u0169ng \u0111\u1eb9p c\u0169ng phong c\u00e1ch nam t\u00ednh<\/p>\n","protected":false},"featured_media":84,"comment_status":"open","ping_status":"closed","template":"","meta":[],"product_brand":[],"product_cat":[15],"product_tag":[],"class_list":{"0":"post-81","1":"product","2":"type-product","3":"status-publish","4":"has-post-thumbnail","6":"product_cat-uncategorized","8":"first","9":"instock","10":"shipping-taxable","11":"purchasable","12":"product-type-simple"},"_links":{"self":[{"href":"https:\/\/hoangthien.toidayhoc.com\/index.php\/wp-json\/wp\/v2\/product\/81","targetHints":{"allow":["GET"]}}],"collection":[{"href":"https:\/\/hoangthien.toidayhoc.com\/index.php\/wp-json\/wp\/v2\/product"}],"about":[{"href":"https:\/\/hoangthien.toidayhoc.com\/index.php\/wp-json\/wp\/v2\/types\/product"}],"replies":[{"embeddable":true,"href":"https:\/\/hoangthien.toidayhoc.com\/index.php\/wp-json\/wp\/v2\/comments?post=81"}],"wp:featuredmedia":[{"embeddable":true,"href":"https:\/\/hoangthien.toidayhoc.com\/index.php\/wp-json\/wp\/v2\/media\/84"}],"wp:attachment":[{"href":"https:\/\/hoangthien.toidayhoc.com\/index.php\/wp-json\/wp\/v2\/media?parent=81"}],"wp:term":[{"taxonomy":"product_brand","embeddable":true,"href":"https:\/\/hoangthien.toidayhoc.com\/index.php\/wp-json\/wp\/v2\/product_brand?post=81"},{"taxonomy":"product_cat","embeddable":true,"href":"https:\/\/hoangthien.toidayhoc.com\/index.php\/wp-json\/wp\/v2\/product_cat?post=81"},{"taxonomy":"product_tag","embeddable":true,"href":"https:\/\/hoangthien.toidayhoc.com\/index.php\/wp-json\/wp\/v2\/product_tag?post=81"}],"curies":[{"name":"wp","href":"https:\/\/api.w.org\/{rel}","templated":true}]}}