{"id":412,"date":"2025-09-27T05:50:33","date_gmt":"2025-09-27T05:50:33","guid":{"rendered":"https:\/\/hoangthien.toidayhoc.com\/?post_type=product&#038;p=412"},"modified":"2025-12-22T04:22:47","modified_gmt":"2025-12-22T04:22:47","slug":"do-bo-ni-dai-cho-mua-dong","status":"publish","type":"product","link":"https:\/\/hoangthien.toidayhoc.com\/index.php\/product\/do-bo-ni-dai-cho-mua-dong\/","title":{"rendered":"\u0110\u1ed2 B\u1ed8 N\u0128 D\u00c0I CHO M\u00d9A \u0110\u00d4NG"},"content":{"rendered":"<h6 class=\"sr-only\"><\/h6>\n<div class=\"text-base my-auto mx-auto pb-10 [--thread-content-margin:--spacing(4)] thread-sm:[--thread-content-margin:--spacing(6)] thread-lg:[--thread-content-margin:--spacing(16)] px-(--thread-content-margin)\">\n<div class=\"[--thread-content-max-width:40rem] thread-lg:[--thread-content-max-width:48rem] mx-auto max-w-(--thread-content-max-width) flex-1 group\/turn-messages focus-visible:outline-hidden relative flex w-full min-w-0 flex-col agent-turn\" tabindex=\"-1\">\n<div class=\"flex max-w-full flex-col grow\">\n<div class=\"min-h-8 text-message relative flex w-full flex-col items-end gap-2 text-start break-words whitespace-normal [.text-message+&amp;]:mt-5\" dir=\"auto\" data-message-author-role=\"assistant\" data-message-id=\"95157118-a593-4bb4-b426-2abf6f03a460\" data-message-model-slug=\"gpt-5\">\n<div class=\"flex w-full flex-col gap-1 empty:hidden first:pt-[3px]\">\n<div class=\"markdown prose dark:prose-invert w-full break-words light markdown-new-styling\">\n<p data-start=\"0\" data-end=\"290\">\ud83d\udd25 \u0110\u00f4ng v\u1ec1 r\u1ed3i, c\u00f2n g\u00ec tuy\u1ec7t v\u1eddi h\u01a1n khi kho\u00e1c l\u00ean m\u00ecnh <strong data-start=\"56\" data-end=\"113\">b\u1ed9 \u0111\u1ed3 d\u00e0i v\u1ea3i n\u1ec9 si\u00eau \u1ea5m \u2013 si\u00eau m\u1ec1m \u2013 si\u00eau phong c\u00e1ch<\/strong>.<br data-start=\"114\" data-end=\"117\" \/>\ud83d\udc49 Ch\u1ea5t li\u1ec7u n\u1ec9 d\u00e0y d\u1eb7n, gi\u1eef \u1ea5m c\u1ef1c t\u1ed1t nh\u01b0ng v\u1eabn tho\u00e1ng kh\u00ed, tho\u1ea3i m\u00e1i cho m\u1ecdi ho\u1ea1t \u0111\u1ed9ng.<br data-start=\"207\" data-end=\"210\" \/>\ud83d\udc49 Thi\u1ebft k\u1ebf tr\u1ebb trung, g\u1ecdn g\u00e0ng, m\u1eb7c \u1edf nh\u00e0 hay \u0111i ch\u01a1i \u0111\u1ec1u l\u1ecbch s\u1ef1 &amp; sang x\u1ecbn.<\/p>\n<p data-start=\"292\" data-end=\"349\">\ud83d\udcaf M\u1ed9t set cho c\u1ea3 m\u00f9a \u0111\u00f4ng, v\u1eeba \u1ea5m v\u1eeba \u0111\u1eb9p \u2013 KH\u00d3 C\u01af\u1ee0NG!<\/p>\n<p data-start=\"351\" data-end=\"435\">\ud83d\udcde Hotline: <strong data-start=\"363\" data-end=\"377\">0905909678<\/strong><br data-start=\"377\" data-end=\"380\" \/>#\u0110\u1ed3B\u1ed9Nam #\u0110\u1ed3B\u1ed9N\u1ec9 #PhongC\u00e1chM\u00f9a\u0110\u00f4ng #Th\u1eddiTrangNam #BBM<\/p>\n<\/div>\n<\/div>\n<\/div>\n<\/div>\n<\/div>\n<\/div>\n","protected":false},"excerpt":{"rendered":"<p data-start=\"0\" data-end=\"290\">\ud83d\udd25 \u0110\u00f4ng v\u1ec1 r\u1ed3i, c\u00f2n g\u00ec tuy\u1ec7t v\u1eddi h\u01a1n khi kho\u00e1c l\u00ean m\u00ecnh <strong data-start=\"56\" data-end=\"113\">b\u1ed9 \u0111\u1ed3 d\u00e0i v\u1ea3i n\u1ec9 si\u00eau \u1ea5m \u2013 si\u00eau m\u1ec1m \u2013 si\u00eau phong c\u00e1ch<\/strong>.<br data-start=\"114\" data-end=\"117\" \/>\ud83d\udc49 Ch\u1ea5t li\u1ec7u n\u1ec9 d\u00e0y d\u1eb7n, gi\u1eef \u1ea5m c\u1ef1c t\u1ed1t nh\u01b0ng v\u1eabn tho\u00e1ng kh\u00ed, tho\u1ea3i m\u00e1i cho m\u1ecdi ho\u1ea1t \u0111\u1ed9ng.<br data-start=\"207\" data-end=\"210\" \/>\ud83d\udc49 Thi\u1ebft k\u1ebf tr\u1ebb trung, g\u1ecdn g\u00e0ng, m\u1eb7c \u1edf nh\u00e0 hay \u0111i ch\u01a1i \u0111\u1ec1u l\u1ecbch s\u1ef1 &amp; sang x\u1ecbn.<\/p>\n<p data-start=\"292\" data-end=\"349\">\ud83d\udcaf M\u1ed9t set cho c\u1ea3 m\u00f9a \u0111\u00f4ng, v\u1eeba \u1ea5m v\u1eeba \u0111\u1eb9p \u2013 KH\u00d3 C\u01af\u1ee0NG!<\/p>\n","protected":false},"featured_media":413,"comment_status":"open","ping_status":"closed","template":"","meta":[],"product_brand":[],"product_cat":[15],"product_tag":[],"class_list":{"0":"post-412","1":"product","2":"type-product","3":"status-publish","4":"has-post-thumbnail","6":"product_cat-uncategorized","8":"first","9":"instock","10":"shipping-taxable","11":"purchasable","12":"product-type-simple"},"_links":{"self":[{"href":"https:\/\/hoangthien.toidayhoc.com\/index.php\/wp-json\/wp\/v2\/product\/412","targetHints":{"allow":["GET"]}}],"collection":[{"href":"https:\/\/hoangthien.toidayhoc.com\/index.php\/wp-json\/wp\/v2\/product"}],"about":[{"href":"https:\/\/hoangthien.toidayhoc.com\/index.php\/wp-json\/wp\/v2\/types\/product"}],"replies":[{"embeddable":true,"href":"https:\/\/hoangthien.toidayhoc.com\/index.php\/wp-json\/wp\/v2\/comments?post=412"}],"wp:featuredmedia":[{"embeddable":true,"href":"https:\/\/hoangthien.toidayhoc.com\/index.php\/wp-json\/wp\/v2\/media\/413"}],"wp:attachment":[{"href":"https:\/\/hoangthien.toidayhoc.com\/index.php\/wp-json\/wp\/v2\/media?parent=412"}],"wp:term":[{"taxonomy":"product_brand","embeddable":true,"href":"https:\/\/hoangthien.toidayhoc.com\/index.php\/wp-json\/wp\/v2\/product_brand?post=412"},{"taxonomy":"product_cat","embeddable":true,"href":"https:\/\/hoangthien.toidayhoc.com\/index.php\/wp-json\/wp\/v2\/product_cat?post=412"},{"taxonomy":"product_tag","embeddable":true,"href":"https:\/\/hoangthien.toidayhoc.com\/index.php\/wp-json\/wp\/v2\/product_tag?post=412"}],"curies":[{"name":"wp","href":"https:\/\/api.w.org\/{rel}","templated":true}]}}