{"id":404,"date":"2025-09-09T13:33:59","date_gmt":"2025-09-09T13:33:59","guid":{"rendered":"https:\/\/hoangthien.toidayhoc.com\/?post_type=product&#038;p=404"},"modified":"2025-12-22T04:23:52","modified_gmt":"2025-12-22T04:23:52","slug":"ao-hotdi-danh-cho-ca-nam-va-nu-chat-vai-ni-2-da-cao-cap","status":"publish","type":"product","link":"https:\/\/hoangthien.toidayhoc.com\/index.php\/product\/ao-hotdi-danh-cho-ca-nam-va-nu-chat-vai-ni-2-da-cao-cap\/","title":{"rendered":"\u00c1O HOTDI D\u00c0NH CHO C\u1ea2 NAM V\u00c0 N\u1eee CH\u1ea4T V\u1ea2I N\u0128 2 DA CAO C\u1ea4P"},"content":{"rendered":"<p data-start=\"138\" data-end=\"217\">\ud83e\udde5 <strong data-start=\"141\" data-end=\"215\">\u00c1o kho\u00e1c Hotdi unisex phom r\u1ed9ng \u2013 item kh\u00f4ng th\u1ec3 thi\u1ebfu cho c\u1ea3 nam &amp; n\u1eef<\/strong><\/p>\n<ul data-start=\"219\" data-end=\"537\">\n<li data-start=\"219\" data-end=\"278\">\n<p data-start=\"221\" data-end=\"278\"><strong data-start=\"221\" data-end=\"241\">Ch\u1ea5t v\u1ea3i n\u1ec9 2 da<\/strong> d\u00e0y d\u1eb7n, b\u1ec1n b\u1ec9, gi\u1eef form c\u1ef1c \u0111\u1eb9p.<\/p>\n<\/li>\n<li data-start=\"279\" data-end=\"376\">\n<p data-start=\"281\" data-end=\"376\">M\u1eb7c <strong data-start=\"285\" data-end=\"307\">tho\u00e1ng m\u00e1t ng\u00e0y h\u00e8<\/strong>, gi\u1eef \u1ea5m <strong data-start=\"316\" data-end=\"336\">c\u1ef1c t\u1ed1t m\u00f9a \u0111\u00f4ng<\/strong> \u2013 chu\u1ea9n \u201c1 chi\u1ebfc m\u1eb7c \u0111\u01b0\u1ee3c quanh n\u0103m\u201d.<\/p>\n<\/li>\n<li data-start=\"377\" data-end=\"462\">\n<p data-start=\"379\" data-end=\"462\">Thi\u1ebft k\u1ebf <strong data-start=\"388\" data-end=\"416\">phom r\u1ed9ng r\u00e3i, tho\u1ea3i m\u00e1i<\/strong>, d\u1ec5 ph\u1ed1i v\u1edbi m\u1ecdi outfit, h\u1ee3p c\u1ea3 nam l\u1eabn n\u1eef.<\/p>\n<\/li>\n<li data-start=\"463\" data-end=\"537\">\n<p data-start=\"465\" data-end=\"537\">V\u1eeba \u0111i h\u1ecdc, \u0111i l\u00e0m, \u0111i ch\u01a1i hay du l\u1ecbch \u0111\u1ec1u <strong data-start=\"509\" data-end=\"534\">ch\u1ea5t \u2013 ti\u1ec7n \u2013 c\u00e1 t\u00ednh<\/strong>.<\/p>\n<\/li>\n<\/ul>\n<p data-start=\"539\" data-end=\"643\">\ud83d\udc49 Kh\u00f4ng ch\u1ec9 l\u00e0 \u00e1o kho\u00e1c, \u0111\u00e2y l\u00e0 <strong data-start=\"572\" data-end=\"602\">\u201ctr\u1ee3 th\u1ee7\u201d th\u1eddi trang 4 m\u00f9a<\/strong>, gi\u00fap b\u1ea1n t\u1ef1 tin v\u00e0 n\u1ed5i b\u1eadt \u1edf m\u1ecdi n\u01a1<\/p>\n","protected":false},"excerpt":{"rendered":"<p data-start=\"138\" data-end=\"217\">\ud83e\udde5 <strong data-start=\"141\" data-end=\"215\">\u00c1o kho\u00e1c Hotdi unisex phom r\u1ed9ng \u2013 item kh\u00f4ng th\u1ec3 thi\u1ebfu cho c\u1ea3 nam &amp; n\u1eef<\/strong><\/p>\n<ul data-start=\"219\" data-end=\"537\">\n<li data-start=\"219\" data-end=\"278\">\n<p data-start=\"221\" data-end=\"278\"><strong data-start=\"221\" data-end=\"241\">Ch\u1ea5t v\u1ea3i n\u1ec9 2 da<\/strong> d\u00e0y d\u1eb7n, b\u1ec1n b\u1ec9, gi\u1eef form c\u1ef1c \u0111\u1eb9p.<\/p>\n<\/li>\n<li data-start=\"279\" data-end=\"376\">\n<p data-start=\"281\" data-end=\"376\">M\u1eb7c <strong data-start=\"285\" data-end=\"307\">tho\u00e1ng m\u00e1t ng\u00e0y h\u00e8<\/strong>, gi\u1eef \u1ea5m <strong data-start=\"316\" data-end=\"336\">c\u1ef1c t\u1ed1t m\u00f9a \u0111\u00f4ng<\/strong> \u2013 chu\u1ea9n \u201c1 chi\u1ebfc m\u1eb7c \u0111\u01b0\u1ee3c quanh n\u0103m\u201d.<\/p>\n<\/li>\n<\/ul>\n","protected":false},"featured_media":405,"comment_status":"open","ping_status":"closed","template":"","meta":[],"product_brand":[],"product_cat":[15],"product_tag":[],"class_list":{"0":"post-404","1":"product","2":"type-product","3":"status-publish","4":"has-post-thumbnail","6":"product_cat-uncategorized","8":"first","9":"instock","10":"shipping-taxable","11":"purchasable","12":"product-type-simple"},"_links":{"self":[{"href":"https:\/\/hoangthien.toidayhoc.com\/index.php\/wp-json\/wp\/v2\/product\/404","targetHints":{"allow":["GET"]}}],"collection":[{"href":"https:\/\/hoangthien.toidayhoc.com\/index.php\/wp-json\/wp\/v2\/product"}],"about":[{"href":"https:\/\/hoangthien.toidayhoc.com\/index.php\/wp-json\/wp\/v2\/types\/product"}],"replies":[{"embeddable":true,"href":"https:\/\/hoangthien.toidayhoc.com\/index.php\/wp-json\/wp\/v2\/comments?post=404"}],"wp:featuredmedia":[{"embeddable":true,"href":"https:\/\/hoangthien.toidayhoc.com\/index.php\/wp-json\/wp\/v2\/media\/405"}],"wp:attachment":[{"href":"https:\/\/hoangthien.toidayhoc.com\/index.php\/wp-json\/wp\/v2\/media?parent=404"}],"wp:term":[{"taxonomy":"product_brand","embeddable":true,"href":"https:\/\/hoangthien.toidayhoc.com\/index.php\/wp-json\/wp\/v2\/product_brand?post=404"},{"taxonomy":"product_cat","embeddable":true,"href":"https:\/\/hoangthien.toidayhoc.com\/index.php\/wp-json\/wp\/v2\/product_cat?post=404"},{"taxonomy":"product_tag","embeddable":true,"href":"https:\/\/hoangthien.toidayhoc.com\/index.php\/wp-json\/wp\/v2\/product_tag?post=404"}],"curies":[{"name":"wp","href":"https:\/\/api.w.org\/{rel}","templated":true}]}}