{"id":396,"date":"2025-09-09T13:25:09","date_gmt":"2025-09-09T13:25:09","guid":{"rendered":"https:\/\/hoangthien.toidayhoc.com\/?post_type=product&#038;p=396"},"modified":"2025-12-22T04:24:33","modified_gmt":"2025-12-22T04:24:33","slug":"quan-jean-nam-ong-dung-co-gian-thoai-mai-cho-ae-cong-so","status":"publish","type":"product","link":"https:\/\/hoangthien.toidayhoc.com\/index.php\/product\/quan-jean-nam-ong-dung-co-gian-thoai-mai-cho-ae-cong-so\/","title":{"rendered":"QU\u1ea6N JEAN NAM \u1ed0NG \u0110\u1ee8NG  CO GI\u1ea2N THO\u1ea2I M\u00c1I CHO AE C\u00d4NG S\u1ede"},"content":{"rendered":"<p data-start=\"139\" data-end=\"210\">\ud83d\udd25 <strong data-start=\"142\" data-end=\"205\">Qu\u1ea7n jean \u1ed1ng \u0111\u1ee9ng nam \u2013 sinh ra cho anh em th\u00edch tho\u1ea3i m\u00e1i<\/strong> \ud83d\udd25<\/p>\n<ul data-start=\"212\" data-end=\"434\">\n<li data-start=\"212\" data-end=\"282\">\n<p data-start=\"214\" data-end=\"282\">Form \u1ed1ng \u0111\u1ee9ng r\u1ed9ng r\u00e3i, m\u1eb7c v\u00e0o <strong data-start=\"246\" data-end=\"279\">tho\u00e1ng \u2013 t\u1ef1 do \u2013 c\u1ef1c nam t\u00ednh<\/strong>.<\/p>\n<\/li>\n<li data-start=\"283\" data-end=\"353\">\n<p data-start=\"285\" data-end=\"353\">V\u1ea3i jean co gi\u00e3n, ng\u1ed3i l\u00e0m hay ch\u1ea1y nh\u1ea3y \u0111\u1ec1u <strong data-start=\"330\" data-end=\"350\">\u00eam \u2013 kh\u00f4ng g\u00f2 b\u00f3<\/strong>.<\/p>\n<\/li>\n<li data-start=\"354\" data-end=\"434\">\n<p data-start=\"356\" data-end=\"434\">Ph\u1ed1i \u00e1o thun, polo, s\u01a1 mi \u0111\u1ec1u <strong data-start=\"386\" data-end=\"431\">chu\u1ea9n men \u2013 g\u1ecdn g\u00e0ng m\u00e0 kh\u00f4ng h\u1ec1 kh\u00f3 ch\u1ecbu<\/strong>.<\/p>\n<\/li>\n<\/ul>\n<p data-start=\"436\" data-end=\"567\">\ud83d\udc49 M\u1ed9t chi\u1ebfc qu\u1ea7n, m\u1eb7c \u0111i l\u00e0m c\u0169ng \u0111\u01b0\u1ee3c \u2013 \u0111i ch\u01a1i c\u0169ng ch\u1ea5t.<br data-start=\"496\" data-end=\"499\" \/>Kh\u00f4ng ch\u1ec9 l\u00e0 qu\u1ea7n, m\u00e0 l\u00e0 <strong data-start=\"524\" data-end=\"564\">\u201cv\u0169 kh\u00ed\u201d gi\u00fap anh em t\u1ef1 tin m\u1ed7i ng\u00e0y<\/strong>.<\/p>\n","protected":false},"excerpt":{"rendered":"<p data-start=\"139\" data-end=\"210\">\ud83d\udd25 <strong data-start=\"142\" data-end=\"205\">Qu\u1ea7n jean \u1ed1ng \u0111\u1ee9ng nam \u2013 sinh ra cho anh em th\u00edch tho\u1ea3i m\u00e1i<\/strong> \ud83d\udd25<\/p>\n<ul data-start=\"212\" data-end=\"434\">\n<li data-start=\"212\" data-end=\"282\">\n<p data-start=\"214\" data-end=\"282\">Form \u1ed1ng \u0111\u1ee9ng r\u1ed9ng r\u00e3i, m\u1eb7c v\u00e0o <strong data-start=\"246\" data-end=\"279\">tho\u00e1ng \u2013 t\u1ef1 do \u2013 c\u1ef1c nam t\u00ednh<\/strong>.<\/p>\n<\/li>\n<li data-start=\"283\" data-end=\"353\">\n<p data-start=\"285\" data-end=\"353\">V\u1ea3i jean co gi\u00e3n, ng\u1ed3i l\u00e0m hay ch\u1ea1y nh\u1ea3y \u0111\u1ec1u <strong data-start=\"330\" data-end=\"350\">\u00eam \u2013 kh\u00f4ng g\u00f2 b\u00f3<\/strong>.<\/p>\n<\/li>\n<li data-start=\"354\" data-end=\"434\">\n<p data-start=\"356\" data-end=\"434\">Ph\u1ed1i \u00e1o thun, polo, s\u01a1 mi \u0111\u1ec1u <strong data-start=\"386\" data-end=\"431\">chu\u1ea9n men \u2013 g\u1ecdn g\u00e0ng m\u00e0 kh\u00f4ng h\u1ec1 kh\u00f3 ch\u1ecbu<\/strong>.<\/p>\n<\/li>\n<\/ul>\n","protected":false},"featured_media":397,"comment_status":"open","ping_status":"closed","template":"","meta":[],"product_brand":[],"product_cat":[15],"product_tag":[],"class_list":{"0":"post-396","1":"product","2":"type-product","3":"status-publish","4":"has-post-thumbnail","6":"product_cat-uncategorized","8":"first","9":"instock","10":"shipping-taxable","11":"purchasable","12":"product-type-simple"},"_links":{"self":[{"href":"https:\/\/hoangthien.toidayhoc.com\/index.php\/wp-json\/wp\/v2\/product\/396","targetHints":{"allow":["GET"]}}],"collection":[{"href":"https:\/\/hoangthien.toidayhoc.com\/index.php\/wp-json\/wp\/v2\/product"}],"about":[{"href":"https:\/\/hoangthien.toidayhoc.com\/index.php\/wp-json\/wp\/v2\/types\/product"}],"replies":[{"embeddable":true,"href":"https:\/\/hoangthien.toidayhoc.com\/index.php\/wp-json\/wp\/v2\/comments?post=396"}],"wp:featuredmedia":[{"embeddable":true,"href":"https:\/\/hoangthien.toidayhoc.com\/index.php\/wp-json\/wp\/v2\/media\/397"}],"wp:attachment":[{"href":"https:\/\/hoangthien.toidayhoc.com\/index.php\/wp-json\/wp\/v2\/media?parent=396"}],"wp:term":[{"taxonomy":"product_brand","embeddable":true,"href":"https:\/\/hoangthien.toidayhoc.com\/index.php\/wp-json\/wp\/v2\/product_brand?post=396"},{"taxonomy":"product_cat","embeddable":true,"href":"https:\/\/hoangthien.toidayhoc.com\/index.php\/wp-json\/wp\/v2\/product_cat?post=396"},{"taxonomy":"product_tag","embeddable":true,"href":"https:\/\/hoangthien.toidayhoc.com\/index.php\/wp-json\/wp\/v2\/product_tag?post=396"}],"curies":[{"name":"wp","href":"https:\/\/api.w.org\/{rel}","templated":true}]}}