{"id":375,"date":"2025-09-06T12:14:13","date_gmt":"2025-09-06T12:14:13","guid":{"rendered":"https:\/\/hoangthien.toidayhoc.com\/?post_type=product&#038;p=375"},"modified":"2025-12-22T04:25:14","modified_gmt":"2025-12-22T04:25:14","slug":"ao-tru-polo-chat-vai-lua-bang","status":"publish","type":"product","link":"https:\/\/hoangthien.toidayhoc.com\/index.php\/product\/ao-tru-polo-chat-vai-lua-bang\/","title":{"rendered":"\u00c1O TR\u1ee4 POLO CH\u1ea4T V\u1ea2I L\u1ee4A B\u0102NG"},"content":{"rendered":"<h3 data-start=\"226\" data-end=\"282\"><strong data-start=\"230\" data-end=\"282\">CHI\u1ebeC \u00c1O THUN C\u1ed4 TR\u1ee4 \u2013 CH\u1ea0M L\u00c0 M\u00ca, M\u1eb6C L\u00c0 NGHI\u1ec6N<\/strong><\/h3>\n<p data-start=\"284\" data-end=\"388\">\u0110\u00e2y <strong data-start=\"288\" data-end=\"317\">kh\u00f4ng ch\u1ec9 l\u00e0 m\u1ed9t chi\u1ebfc \u00e1o<\/strong>, m\u00e0 l\u00e0 <strong data-start=\"325\" data-end=\"387\">tr\u1ea3i nghi\u1ec7m c\u1ee7a s\u1ef1 tinh t\u1ebf, tho\u1ea3i m\u00e1i v\u00e0 \u0111\u1eb3ng c\u1ea5p t\u1ed1i gi\u1ea3n<\/strong>.<\/p>\n<p data-start=\"390\" data-end=\"576\">\u0110\u01b0\u1ee3c ch\u1ebf t\u00e1c t\u1eeb ch\u1ea5t li\u1ec7u <strong data-start=\"416\" data-end=\"436\">l\u1ee5a b\u0103ng cao c\u1ea5p<\/strong>, \u00e1o mang \u0111\u1ebfn c\u1ea3m gi\u00e1c <strong data-start=\"459\" data-end=\"480\">l\u1ea1nh nh\u1eb9 t\u1ef1 nhi\u00ean<\/strong> ngay khi ch\u1ea1m v\u00e0o da. M\u00e1t m\u1ebb nh\u01b0 m\u1ed9t c\u01a1n gi\u00f3 \u0111\u1ea7u h\u00e8 \u2013 nh\u1eb9 t\u00eanh, m\u01b0\u1ee3t m\u00e0 v\u00e0 d\u1ec5 ch\u1ecbu \u0111\u1ebfn b\u1ea5t ng\u1edd.<\/p>\n<ul data-start=\"578\" data-end=\"768\">\n<li data-start=\"578\" data-end=\"611\">\n<p data-start=\"580\" data-end=\"611\"><strong data-start=\"580\" data-end=\"609\">Kh\u00f4ng nh\u0103n \u2013 Kh\u00f4ng c\u1ea7n \u1ee7i<\/strong><\/p>\n<\/li>\n<li data-start=\"612\" data-end=\"681\">\n<p data-start=\"614\" data-end=\"681\"><strong data-start=\"614\" data-end=\"679\">Kh\u00f4ng \u0111\u01b0\u1eddng may l\u1ed9 \u2013 M\u1ecbn m\u00e0ng li\u1ec1n m\u1ea1ch nh\u01b0 m\u1ed9t kh\u1ed1i ho\u00e0n h\u1ea3o<\/strong><\/p>\n<\/li>\n<li data-start=\"682\" data-end=\"768\">\n<p data-start=\"684\" data-end=\"768\"><strong data-start=\"684\" data-end=\"768\">Phom d\u00e1ng r\u1ed9ng r\u00e3i \u2013 T\u1ef1 do chuy\u1ec3n \u0111\u1ed9ng, gi\u1ea5u nh\u1eb9m khuy\u1ebft \u0111i\u1ec3m, t\u00f4n l\u00ean th\u1ea7n th\u00e1i<\/strong><\/p>\n<\/li>\n<\/ul>\n<p data-start=\"770\" data-end=\"1017\">T\u1eebng chi ti\u1ebft \u0111\u01b0\u1ee3c t\u1ed1i gi\u1ea3n h\u00f3a \u0111\u1ec3 nh\u01b0\u1eddng ch\u1ed7 cho <strong data-start=\"820\" data-end=\"841\">c\u1ea3m x\u00fac ng\u01b0\u1eddi m\u1eb7c<\/strong>. D\u00f9 l\u00e0 \u0111i d\u1ea1o ph\u1ed1, c\u00e0 ph\u00ea, hay g\u1eb7p g\u1ee1 \u0111\u1ed1i t\u00e1c \u2013 chi\u1ebfc \u00e1o n\u00e0y <strong data-start=\"903\" data-end=\"949\">lu\u00f4n khi\u1ebfn b\u1ea1n n\u1ed5i b\u1eadt theo c\u00e1ch r\u1ea5t ri\u00eang<\/strong>: ch\u1ec9n chu nh\u01b0ng kh\u00f4ng c\u1ee9ng nh\u1eafc, phong c\u00e1ch nh\u01b0ng kh\u00f4ng ph\u00f4 tr\u01b0\u01a1ng.<\/p>\n<h3 data-start=\"1019\" data-end=\"1132\"><strong data-start=\"1023\" data-end=\"1132\">B\u1ea1n s\u1ebd kh\u00f4ng c\u1ea7n ph\u1ea3i suy ngh\u0129 qu\u00e1 nhi\u1ec1u. Ch\u1ec9 c\u1ea7n m\u1eb7c v\u00e0o \u2013 v\u00e0 b\u1ea1n s\u1ebd hi\u1ec3u v\u00ec sao ai c\u0169ng mu\u1ed1n s\u1edf h\u1eefu n\u00f3.<\/strong><\/h3>\n<hr data-start=\"1134\" data-end=\"1137\" \/>\n<h3 data-start=\"1139\" data-end=\"1160\"><strong data-start=\"1143\" data-end=\"1160\">\u0110I\u1ec2M N\u1ed4I B\u1eacT:<\/strong><\/h3>\n<p data-start=\"1161\" data-end=\"1406\">\u2714 L\u1ee5a b\u0103ng m\u00e1t l\u1ea1nh \u2013 m\u1eb7c v\u00e0o l\u00e0 th\u00edch ngay<br data-start=\"1204\" data-end=\"1207\" \/>\u2714 Kh\u00f4ng nh\u0103n \u2013 m\u1eb7c nguy\u00ean ng\u00e0y v\u1eabn nh\u01b0 m\u1edbi<br data-start=\"1249\" data-end=\"1252\" \/>\u2714 Kh\u00f4ng \u0111\u01b0\u1eddng may \u2013 c\u1ea3m gi\u00e1c \u201cm\u1eb7c nh\u01b0 kh\u00f4ng\u201d<br data-start=\"1296\" data-end=\"1299\" \/>\u2714 Phom su\u00f4ng nh\u1eb9 \u2013 tho\u1ea3i m\u00e1i, gi\u1ea5u d\u00e1ng \u0111\u1ec9nh cao<br data-start=\"1347\" data-end=\"1350\" \/>\u2714 Ph\u1ed1i \u0111\u01b0\u1ee3c m\u1ecdi ki\u1ec3u qu\u1ea7n \u2013 t\u1eeb short, jean, \u0111\u1ebfn qu\u1ea7n t\u00e2y<\/p>\n<hr data-start=\"1408\" data-end=\"1411\" \/>\n<p data-start=\"1413\" data-end=\"1510\">\ud83d\udd25 <strong data-start=\"1416\" data-end=\"1510\">\u0110ang ch\u00e1y h\u00e0ng \u2013 \u0111\u1eb7t ngay h\u00f4m nay \u0111\u1ec3 kh\u00f4ng l\u1ee1 m\u1ea5t phi\u00ean b\u1ea3n \u0111ang \u0111\u01b0\u1ee3c s\u0103n \u0111\u00f3n nh\u1ea5t h\u00e8 n\u00e0y<\/strong><\/p>\n","protected":false},"excerpt":{"rendered":"<h3 data-start=\"226\" data-end=\"282\"><strong data-start=\"230\" data-end=\"282\">CHI\u1ebeC \u00c1O THUN C\u1ed4 TR\u1ee4 \u2013 CH\u1ea0M L\u00c0 M\u00ca, M\u1eb6C L\u00c0 NGHI\u1ec6N<\/strong><\/h3>\n<p data-start=\"284\" data-end=\"388\">\u0110\u00e2y <strong data-start=\"288\" data-end=\"317\">kh\u00f4ng ch\u1ec9 l\u00e0 m\u1ed9t chi\u1ebfc \u00e1o<\/strong>, m\u00e0 l\u00e0 <strong data-start=\"325\" data-end=\"387\">tr\u1ea3i nghi\u1ec7m c\u1ee7a s\u1ef1 tinh t\u1ebf, tho\u1ea3i m\u00e1i v\u00e0 \u0111\u1eb3ng c\u1ea5p t\u1ed1i gi\u1ea3n<\/strong>.<\/p>\n<p data-start=\"390\" data-end=\"576\">\u0110\u01b0\u1ee3c ch\u1ebf t\u00e1c t\u1eeb ch\u1ea5t li\u1ec7u <strong data-start=\"416\" data-end=\"436\">l\u1ee5a b\u0103ng cao c\u1ea5p<\/strong>, \u00e1o mang \u0111\u1ebfn c\u1ea3m gi\u00e1c <strong data-start=\"459\" data-end=\"480\">l\u1ea1nh nh\u1eb9 t\u1ef1 nhi\u00ean<\/strong> ngay khi ch\u1ea1m v\u00e0o da. M\u00e1t m\u1ebb nh\u01b0 m\u1ed9t c\u01a1n gi\u00f3 \u0111\u1ea7u h\u00e8 \u2013 nh\u1eb9 t\u00eanh, m\u01b0\u1ee3t m\u00e0 v\u00e0 d\u1ec5 ch\u1ecbu \u0111\u1ebfn b\u1ea5t ng\u1edd.<\/p>\n","protected":false},"featured_media":376,"comment_status":"open","ping_status":"closed","template":"","meta":[],"product_brand":[],"product_cat":[15],"product_tag":[],"class_list":{"0":"post-375","1":"product","2":"type-product","3":"status-publish","4":"has-post-thumbnail","6":"product_cat-uncategorized","8":"first","9":"instock","10":"shipping-taxable","11":"purchasable","12":"product-type-simple"},"_links":{"self":[{"href":"https:\/\/hoangthien.toidayhoc.com\/index.php\/wp-json\/wp\/v2\/product\/375","targetHints":{"allow":["GET"]}}],"collection":[{"href":"https:\/\/hoangthien.toidayhoc.com\/index.php\/wp-json\/wp\/v2\/product"}],"about":[{"href":"https:\/\/hoangthien.toidayhoc.com\/index.php\/wp-json\/wp\/v2\/types\/product"}],"replies":[{"embeddable":true,"href":"https:\/\/hoangthien.toidayhoc.com\/index.php\/wp-json\/wp\/v2\/comments?post=375"}],"wp:featuredmedia":[{"embeddable":true,"href":"https:\/\/hoangthien.toidayhoc.com\/index.php\/wp-json\/wp\/v2\/media\/376"}],"wp:attachment":[{"href":"https:\/\/hoangthien.toidayhoc.com\/index.php\/wp-json\/wp\/v2\/media?parent=375"}],"wp:term":[{"taxonomy":"product_brand","embeddable":true,"href":"https:\/\/hoangthien.toidayhoc.com\/index.php\/wp-json\/wp\/v2\/product_brand?post=375"},{"taxonomy":"product_cat","embeddable":true,"href":"https:\/\/hoangthien.toidayhoc.com\/index.php\/wp-json\/wp\/v2\/product_cat?post=375"},{"taxonomy":"product_tag","embeddable":true,"href":"https:\/\/hoangthien.toidayhoc.com\/index.php\/wp-json\/wp\/v2\/product_tag?post=375"}],"curies":[{"name":"wp","href":"https:\/\/api.w.org\/{rel}","templated":true}]}}