{"id":360,"date":"2025-09-06T10:09:00","date_gmt":"2025-09-06T10:09:00","guid":{"rendered":"https:\/\/hoangthien.toidayhoc.com\/?post_type=product&#038;p=360"},"modified":"2025-12-22T04:25:49","modified_gmt":"2025-12-22T04:25:49","slug":"ao-polo-det-kim-hang-quoc-dep-phong-cach","status":"publish","type":"product","link":"https:\/\/hoangthien.toidayhoc.com\/index.php\/product\/ao-polo-det-kim-hang-quoc-dep-phong-cach\/","title":{"rendered":"\u00c1O POLO D\u1ec6T KIM H\u00c0NG QU\u1ed0C \u0110\u1eb8P PHONG C\u00c1CH"},"content":{"rendered":"<h3 data-start=\"127\" data-end=\"180\"><strong data-start=\"131\" data-end=\"180\">\u00c1O THUN C\u1ed4 TR\u1ee4 POLO NAM \u2013 V\u1ea2I D\u1ec6T KIM CAO C\u1ea4P<\/strong><\/h3>\n<p data-start=\"182\" data-end=\"225\"><strong data-start=\"182\" data-end=\"225\">Thanh l\u1ecbch \u2013 Tho\u1ea3i m\u00e1i \u2013 \u0110\u1eadm ch\u1ea5t ri\u00eang<\/strong><\/p>\n<p data-start=\"227\" data-end=\"373\">M\u1ed9t chi\u1ebfc \u00e1o m\u00e0 b\u1ea1n s\u1ebd mu\u1ed1n m\u1eb7c \u0111i l\u00e0m, \u0111i ch\u01a1i, v\u00e0 c\u1ea3 nh\u1eefng bu\u1ed5i h\u1eb9n cu\u1ed1i tu\u1ea7n. \u00c1o thun c\u1ed5 tr\u1ee5 Polo \u0111\u01b0\u1ee3c thi\u1ebft k\u1ebf v\u1edbi <strong data-start=\"346\" data-end=\"372\">3 ki\u1ec3u c\u1ed5 tr\u1ee5 hi\u1ec7n \u0111\u1ea1i<\/strong>:<\/p>\n<ul data-start=\"375\" data-end=\"473\">\n<li data-start=\"375\" data-end=\"402\">\n<p data-start=\"377\" data-end=\"402\"><strong data-start=\"377\" data-end=\"400\">C\u1ed5 ch\u1eef V sang tr\u1ecdng<\/strong><\/p>\n<\/li>\n<li data-start=\"403\" data-end=\"433\">\n<p data-start=\"405\" data-end=\"433\"><strong data-start=\"405\" data-end=\"431\">C\u1ed5 tr\u1ee5 d\u00e2y k\u00e9o c\u00e1 t\u00ednh<\/strong><\/p>\n<\/li>\n<li data-start=\"434\" data-end=\"473\">\n<p data-start=\"436\" data-end=\"473\"><strong data-start=\"436\" data-end=\"473\">C\u1ed5 tr\u1ee5 n\u00fat truy\u1ec1n th\u1ed1ng, l\u1ecbch l\u00e3m<\/strong><\/p>\n<\/li>\n<\/ul>\n<p data-start=\"475\" data-end=\"616\"><strong data-start=\"475\" data-end=\"508\">Ch\u1ea5t li\u1ec7u v\u1ea3i d\u1ec7t kim cao c\u1ea5p<\/strong> \u2013 m\u1ec1m m\u1ecbn, co gi\u00e3n t\u1ed1t, th\u1ea5m h\u00fat m\u1ed3 h\u00f4i c\u1ef1c nhanh, mang l\u1ea1i c\u1ea3m gi\u00e1c <strong data-start=\"578\" data-end=\"615\">m\u00e1t m\u1ebb v\u00e0 d\u1ec5 ch\u1ecbu su\u1ed1t c\u1ea3 ng\u00e0y h\u00e8<\/strong>.<\/p>\n<p data-start=\"618\" data-end=\"707\"><strong data-start=\"618\" data-end=\"647\">Thi\u1ebft k\u1ebf tinh t\u1ebf, v\u1eeba v\u1eb7n<\/strong>, d\u1ec5 ph\u1ed1i \u0111\u1ed3 v\u1edbi m\u1ecdi phong c\u00e1ch t\u1eeb n\u0103ng \u0111\u1ed9ng \u0111\u1ebfn l\u1ecbch thi\u1ec7p.<\/p>\n<p data-start=\"709\" data-end=\"868\"><strong data-start=\"709\" data-end=\"729\">B\u1ea3ng m\u00e0u \u0111a d\u1ea1ng<\/strong>: T\u1eeb c\u00e1c t\u00f4ng <strong data-start=\"743\" data-end=\"765\">\u0111\u01a1n s\u1eafc thanh l\u1ecbch<\/strong> \u0111\u1ebfn <strong data-start=\"770\" data-end=\"793\">ph\u1ed1i m\u00e0u th\u1eddi trang<\/strong> \u2013 m\u1ed7i m\u1eabu \u0111\u1ec1u \u0111\u01b0\u1ee3c ph\u1ed1i chu\u1ea9n ch\u1ec9nh, t\u1ea1o \u0111i\u1ec3m nh\u1ea5n m\u00e0 v\u1eabn gi\u1eef s\u1ef1 nh\u00e3 nh\u1eb7n.<\/p>\n<hr data-start=\"870\" data-end=\"873\" \/>\n<h3 data-start=\"875\" data-end=\"931\"><strong data-start=\"879\" data-end=\"931\">V\u00ec sao b\u1ea1n n\u00ean c\u00f3 \u00edt nh\u1ea5t m\u1ed9t chi\u1ebfc trong t\u1ee7 \u0111\u1ed3?<\/strong><\/h3>\n<p data-start=\"932\" data-end=\"1201\">\u2714 C\u1ea3m gi\u00e1c m\u1eb7c m\u00e1t m\u1ebb, d\u1ec5 ch\u1ecbu ngay t\u1eeb l\u1ea7n \u0111\u1ea7u ch\u1ea1m v\u00e0o<br data-start=\"987\" data-end=\"990\" \/>\u2714 Phom d\u00e1ng chu\u1ea9n men \u2013 m\u1eb7c l\u00e0 l\u00ean d\u00e1ng<br data-start=\"1029\" data-end=\"1032\" \/>\u2714 \u0110\u1ee7 l\u1ecbch s\u1ef1 \u0111\u1ec3 \u0111i l\u00e0m, \u0111\u1ee7 tho\u1ea3i m\u00e1i \u0111\u1ec3 \u0111i ch\u01a1i<br data-start=\"1079\" data-end=\"1082\" \/>\u2714 \u0110\u1ed9 b\u1ec1n cao \u2013 gi\u1eef form t\u1ed1t sau nhi\u1ec1u l\u1ea7n gi\u1eb7t<br data-start=\"1128\" data-end=\"1131\" \/>\u2714 M\u1ed7i ki\u1ec3u c\u1ed5 l\u00e0 m\u1ed9t c\u00e1 t\u00ednh ri\u00eang \u2013 thay \u0111\u1ed5i m\u1ed7i ng\u00e0y kh\u00f4ng nh\u00e0m ch\u00e1<\/p>\n","protected":false},"excerpt":{"rendered":"<h3 data-start=\"127\" data-end=\"180\"><strong data-start=\"131\" data-end=\"180\">\u00c1O THUN C\u1ed4 TR\u1ee4 POLO NAM \u2013 V\u1ea2I D\u1ec6T KIM CAO C\u1ea4P<\/strong><\/h3>\n<p data-start=\"182\" data-end=\"225\"><strong data-start=\"182\" data-end=\"225\">Thanh l\u1ecbch \u2013 Tho\u1ea3i m\u00e1i \u2013 \u0110\u1eadm ch\u1ea5t ri\u00eang<\/strong><\/p>\n<p data-start=\"227\" data-end=\"373\">M\u1ed9t chi\u1ebfc \u00e1o m\u00e0 b\u1ea1n s\u1ebd mu\u1ed1n m\u1eb7c \u0111i l\u00e0m, \u0111i ch\u01a1i, v\u00e0 c\u1ea3 nh\u1eefng bu\u1ed5i h\u1eb9n cu\u1ed1i tu\u1ea7n. \u00c1o thun c\u1ed5 tr\u1ee5 Polo \u0111\u01b0\u1ee3c thi\u1ebft k\u1ebf v\u1edbi <strong data-start=\"346\" data-end=\"372\">3 ki\u1ec3u c\u1ed5 tr\u1ee5 hi\u1ec7n \u0111\u1ea1i<\/strong>:<\/p>\n<ul data-start=\"375\" data-end=\"473\">\n<li data-start=\"375\" data-end=\"402\">\n<p data-start=\"377\" data-end=\"402\"><strong data-start=\"377\" data-end=\"400\">C\u1ed5 ch\u1eef V sang tr\u1ecdng<\/strong><\/p>\n<\/li>\n<li data-start=\"403\" data-end=\"433\">\n<p data-start=\"405\" data-end=\"433\"><strong data-start=\"405\" data-end=\"431\">C\u1ed5 tr\u1ee5 d\u00e2y k\u00e9o c\u00e1 t\u00ednh<\/strong><\/p>\n<\/li>\n<li data-start=\"434\" data-end=\"473\">\n<p data-start=\"436\" data-end=\"473\"><strong data-start=\"436\" data-end=\"473\">C\u1ed5 tr\u1ee5 n\u00fat truy\u1ec1n th\u1ed1ng, l\u1ecbch l\u00e3m<\/strong><\/p>\n<\/li>\n<\/ul>\n<p data-start=\"475\" data-end=\"616\"><strong data-start=\"475\" data-end=\"508\">Ch\u1ea5t li\u1ec7u v\u1ea3i d\u1ec7t kim cao c\u1ea5p<\/strong> \u2013 m\u1ec1m m\u1ecbn, co gi\u00e3n t\u1ed1t, th\u1ea5m h\u00fat m\u1ed3 h\u00f4i c\u1ef1c nhanh, mang l\u1ea1i c\u1ea3m gi\u00e1c <strong data-start=\"578\" data-end=\"615\">m\u00e1t m\u1ebb v\u00e0 d\u1ec5 ch\u1ecbu su\u1ed1t c\u1ea3 ng\u00e0y h\u00e8<\/strong>.<\/p>\n","protected":false},"featured_media":361,"comment_status":"open","ping_status":"closed","template":"","meta":[],"product_brand":[],"product_cat":[15],"product_tag":[],"class_list":{"0":"post-360","1":"product","2":"type-product","3":"status-publish","4":"has-post-thumbnail","6":"product_cat-uncategorized","8":"first","9":"instock","10":"shipping-taxable","11":"purchasable","12":"product-type-simple"},"_links":{"self":[{"href":"https:\/\/hoangthien.toidayhoc.com\/index.php\/wp-json\/wp\/v2\/product\/360","targetHints":{"allow":["GET"]}}],"collection":[{"href":"https:\/\/hoangthien.toidayhoc.com\/index.php\/wp-json\/wp\/v2\/product"}],"about":[{"href":"https:\/\/hoangthien.toidayhoc.com\/index.php\/wp-json\/wp\/v2\/types\/product"}],"replies":[{"embeddable":true,"href":"https:\/\/hoangthien.toidayhoc.com\/index.php\/wp-json\/wp\/v2\/comments?post=360"}],"wp:featuredmedia":[{"embeddable":true,"href":"https:\/\/hoangthien.toidayhoc.com\/index.php\/wp-json\/wp\/v2\/media\/361"}],"wp:attachment":[{"href":"https:\/\/hoangthien.toidayhoc.com\/index.php\/wp-json\/wp\/v2\/media?parent=360"}],"wp:term":[{"taxonomy":"product_brand","embeddable":true,"href":"https:\/\/hoangthien.toidayhoc.com\/index.php\/wp-json\/wp\/v2\/product_brand?post=360"},{"taxonomy":"product_cat","embeddable":true,"href":"https:\/\/hoangthien.toidayhoc.com\/index.php\/wp-json\/wp\/v2\/product_cat?post=360"},{"taxonomy":"product_tag","embeddable":true,"href":"https:\/\/hoangthien.toidayhoc.com\/index.php\/wp-json\/wp\/v2\/product_tag?post=360"}],"curies":[{"name":"wp","href":"https:\/\/api.w.org\/{rel}","templated":true}]}}