{"id":307,"date":"2025-09-05T02:45:25","date_gmt":"2025-09-05T02:45:25","guid":{"rendered":"https:\/\/hoangthien.toidayhoc.com\/?post_type=product&#038;p=307"},"modified":"2025-09-05T02:45:25","modified_gmt":"2025-09-05T02:45:25","slug":"quan-jean-nam-phom-rong-ong-dung-co-gian","status":"publish","type":"product","link":"https:\/\/hoangthien.toidayhoc.com\/index.php\/product\/quan-jean-nam-phom-rong-ong-dung-co-gian\/","title":{"rendered":"QU\u1ea6N JEAN NAM PHOM R\u1ed8NG \u1ed0NG \u0110\u1ee8NG CO GI\u1ea2N"},"content":{"rendered":"<h3 data-start=\"219\" data-end=\"291\">\ud83d\udd25 <strong data-start=\"226\" data-end=\"288\">CHI\u1ebeC QU\u1ea6N JEAN KHI\u1ebeN ANH EM MU\u1ed0N \u201cM\u1eb6C M\u00c3I KH\u00d4NG MU\u1ed0N C\u1edeI\u201d<\/strong> \ud83d\udd25<\/h3>\n<p data-start=\"293\" data-end=\"519\">B\u1ea1n \u0111ang t\u00ecm m\u1ed9t chi\u1ebfc qu\u1ea7n jean <strong data-start=\"326\" data-end=\"352\">\u0111\u1eb9p &#8211; ch\u1ea5t &#8211; tho\u1ea3i m\u00e1i<\/strong>, v\u1eeba \u0111\u1ee7 c\u00e1 t\u00ednh nh\u01b0ng v\u1eabn d\u1ec5 ph\u1ed1i, v\u1eeba h\u1ee3p th\u1eddi m\u00e0 v\u1eabn \u0111\u1eadm ch\u1ea5t ri\u00eang? \u0110\u00e2y ch\u00ednh l\u00e0 &#8220;v\u0169 kh\u00ed b\u00ed m\u1eadt&#8221; d\u00e0nh cho anh em mu\u1ed1n <strong data-start=\"474\" data-end=\"500\">n\u00e2ng c\u1ea5p gu th\u1eddi trang<\/strong> m\u00e0 kh\u00f4ng c\u1ea7n g\u1ed3ng!<\/p>\n<h4 data-start=\"521\" data-end=\"587\">\ud83d\udc56 <strong data-start=\"529\" data-end=\"587\">PHOM R\u1ed8NG \u2013 \u1ed0NG \u0110\u1ee8NG: PH\u00d3NG KHO\u00c1NG, NAM T\u00cdNH TUY\u1ec6T \u0110\u1ed0I<\/strong><\/h4>\n<p data-start=\"588\" data-end=\"850\">Chi\u1ebfc qu\u1ea7n \u0111\u01b0\u1ee3c thi\u1ebft k\u1ebf theo ki\u1ec3u <strong data-start=\"623\" data-end=\"645\">phom r\u1ed9ng v\u1eeba ph\u1ea3i<\/strong>, kh\u00f4ng qu\u00e1 baggy nh\u01b0ng \u0111\u1ee7 \u0111\u1ec3 t\u1ea1o c\u1ea3m gi\u00e1c <strong data-start=\"688\" data-end=\"728\">tho\u1ea3i m\u00e1i, tr\u1ebb trung v\u00e0 ph\u00f3ng kho\u00e1ng<\/strong>. Ph\u1ea7n <strong data-start=\"735\" data-end=\"747\">\u1ed1ng \u0111\u1ee9ng<\/strong> chu\u1ea9n form gi\u00fap \u0111\u00f4i ch\u00e2n tr\u00f4ng <strong data-start=\"779\" data-end=\"800\">th\u1eb3ng, d\u00e0i v\u00e0 g\u1ecdn<\/strong>, t\u1ea1o t\u1ed5ng th\u1ec3 v\u00f3c d\u00e1ng <strong data-start=\"824\" data-end=\"849\">c\u00e2n \u0111\u1ed1i, \u0111\u1ea7y kh\u00ed ch\u1ea5t<\/strong>.<\/p>\n<blockquote data-start=\"852\" data-end=\"919\">\n<p data-start=\"854\" data-end=\"919\">\u0110\u1ee9ng l\u00ean th\u00ec \u201cmenly\u201d h\u1ebft n\u1ea5c, ng\u1ed3i xu\u1ed1ng v\u1eabn c\u1ee9 \u201cchill\u201d h\u1ebft m\u00ecnh!<\/p>\n<\/blockquote>\n<h4 data-start=\"921\" data-end=\"975\">\ud83e\uddf5 <strong data-start=\"929\" data-end=\"975\">CH\u1ea4T V\u1ea2I THUN JEAN CO GI\u00c3N: M\u1ec0M, D\u1ebaO, CH\u1ea4T<\/strong><\/h4>\n<p data-start=\"976\" data-end=\"1311\">\u0110\u1eebng ngh\u0129 jean th\u00ec ph\u1ea3i c\u1ee9ng! Chi\u1ebfc qu\u1ea7n n\u00e0y s\u1eed d\u1ee5ng ch\u1ea5t <strong data-start=\"1034\" data-end=\"1055\">jean thun cao c\u1ea5p<\/strong>, co gi\u00e3n <strong data-start=\"1065\" data-end=\"1076\">4 chi\u1ec1u<\/strong>, \u00f4m tr\u1ecdn t\u1eebng chuy\u1ec3n \u0111\u1ed9ng m\u00e0 kh\u00f4ng g\u00e2y c\u1ea3m gi\u00e1c g\u00f2 b\u00f3. D\u00f9 l\u00e0 <strong data-start=\"1138\" data-end=\"1205\">ch\u1ea1y xe, ng\u1ed3i l\u00e0m vi\u1ec7c, \u0111i d\u1ea1o ph\u1ed1 hay tung t\u0103ng caf\u00e9 cu\u1ed1i tu\u1ea7n<\/strong>, b\u1ea1n \u0111\u1ec1u c\u1ea3m th\u1ea5y <strong data-start=\"1224\" data-end=\"1257\">d\u1ec5 ch\u1ecbu nh\u01b0 m\u1eb7c qu\u1ea7n th\u1ec3 thao<\/strong>, nh\u01b0ng v\u1eabn <strong data-start=\"1269\" data-end=\"1310\">\u0111\u1eb9p trai l\u1ecbch l\u00e3m nh\u01b0 t\u00e0i t\u1eed H\u00e0n Qu\u1ed1c<\/strong>.<\/p>\n<blockquote data-start=\"1313\" data-end=\"1382\">\n<p data-start=\"1315\" data-end=\"1382\">Nh\u00ecn th\u00ec b\u1ee5i b\u1eb7m, m\u1eb7c th\u00ec nh\u1eb9 t\u00eanh \u2013 c\u1ea3m gi\u00e1c m\u1eb7c m\u1ed9t l\u1ea7n l\u00e0 ghi\u1ec1n!<\/p>\n<\/blockquote>\n<h4 data-start=\"1384\" data-end=\"1446\">\ud83c\udfa8 <strong data-start=\"1392\" data-end=\"1446\">M\u00c0U S\u1eaeC &amp; CHI TI\u1ebeT TINH T\u1ebe: NG\u1ea6U M\u00c0 KH\u00d4NG L\u00c8O LO\u1eb8T<\/strong><\/h4>\n<p data-start=\"1447\" data-end=\"1724\">Qu\u1ea7n c\u00f3 c\u00e1c t\u00f4ng m\u00e0u denim t\u1eeb <strong data-start=\"1477\" data-end=\"1512\">xanh nh\u1ea1t vintage \u0111\u1ebfn \u0111en basic<\/strong>, d\u1ec5 ph\u1ed1i v\u1edbi m\u1ecdi lo\u1ea1i \u00e1o t\u1eeb \u00e1o thun, hoodie cho \u0111\u1ebfn s\u01a1 mi, \u00e1o kho\u00e1c\u2026 C\u00e1c chi ti\u1ebft nh\u01b0 <strong data-start=\"1599\" data-end=\"1658\">\u0111\u01b0\u1eddng may ch\u1eafc ch\u1eafn, t\u00fai h\u1ed9p tinh t\u1ebf, khuy \u0111\u1ed3ng cao c\u1ea5p<\/strong> \u0111\u1ec1u g\u00f3p ph\u1ea7n l\u00e0m n\u00ean m\u1ed9t s\u1ea3n ph\u1ea9m <strong data-start=\"1693\" data-end=\"1723\">ch\u1ec9n chu \u0111\u1ebfn t\u1eebng centimet<\/strong>.<\/p>\n<hr data-start=\"1726\" data-end=\"1729\" \/>\n<h3 data-start=\"1731\" data-end=\"1787\">\u2705 <strong data-start=\"1737\" data-end=\"1787\">T\u1ea0I SAO ANH EM N\u00caN S\u1ede H\u1eeeU CHI\u1ebeC QU\u1ea6N N\u00c0Y NGAY?<\/strong><\/h3>\n<ul data-start=\"1789\" data-end=\"2049\">\n<li data-start=\"1789\" data-end=\"1850\">\n<p data-start=\"1791\" data-end=\"1850\">\u2714\ufe0f V\u1eeba \u0111\u1eb9p <strong data-start=\"1802\" data-end=\"1821\">b\u1ee5i b\u1eb7m c\u00e1 t\u00ednh<\/strong>, v\u1eeba <strong data-start=\"1827\" data-end=\"1850\">tho\u1ea3i m\u00e1i linh ho\u1ea1t<\/strong><\/p>\n<\/li>\n<li data-start=\"1851\" data-end=\"1917\">\n<p data-start=\"1853\" data-end=\"1917\">\u2714\ufe0f D\u1ec5 ph\u1ed1i \u2013 h\u1ee3p nhi\u1ec1u phong c\u00e1ch t\u1eeb <strong data-start=\"1890\" data-end=\"1917\">streetwear \u0111\u1ebfn t\u1ed1i gi\u1ea3n<\/strong><\/p>\n<\/li>\n<li data-start=\"1918\" data-end=\"1995\">\n<p data-start=\"1920\" data-end=\"1995\">\u2714\ufe0f Che khuy\u1ebft \u0111i\u1ec3m ch\u00e2n c\u1ef1c \u0111\u1ec9nh \u2013 d\u00f9 g\u1ea7y hay h\u01a1i m\u0169m m\u0129m c\u0169ng <strong data-start=\"1983\" data-end=\"1995\">auto \u0111\u1eb9p<\/strong><\/p>\n<\/li>\n<li data-start=\"1996\" data-end=\"2049\">\n<p data-start=\"1998\" data-end=\"2049\">\u2714\ufe0f M\u1eb7c m\u1ed9t l\u1ea7n l\u00e0 <strong data-start=\"2016\" data-end=\"2049\">\u201cauto c\u00f3 ng\u01b0\u1eddi h\u1ecfi mua \u1edf \u0111\u00e2u\u201d<\/strong><\/p>\n<\/li>\n<\/ul>\n<hr data-start=\"2051\" data-end=\"2054\" \/>\n<p data-start=\"2056\" data-end=\"2243\">\ud83c\udf81 <strong data-start=\"2059\" data-end=\"2144\">N\u1ebfu t\u1ee7 \u0111\u1ed3 c\u1ee7a b\u1ea1n \u0111ang thi\u1ebfu m\u1ed9t chi\u1ebfc qu\u1ea7n jean \u201cch\u00e2n \u00e1i\u201d \u2013 th\u00ec \u0111\u00e2y ch\u00ednh l\u00e0 n\u00f3.<\/strong><br data-start=\"2144\" data-end=\"2147\" \/>M\u1eb7c v\u00e0o kh\u00f4ng ch\u1ec9 l\u00e0 m\u1eb7c qu\u1ea7n, m\u00e0 l\u00e0 <strong data-start=\"2184\" data-end=\"2243\">m\u1eb7c v\u00e0o s\u1ef1 t\u1ef1 tin, kh\u00ed ch\u1ea5t v\u00e0 gu \u0111\u00e0n \u00f4ng th\u1eddi \u0111\u1ea1i m\u1edb<\/strong><\/p>\n","protected":false},"excerpt":{"rendered":"<h3 data-start=\"219\" data-end=\"291\">\ud83d\udd25 <strong data-start=\"226\" data-end=\"288\">CHI\u1ebeC QU\u1ea6N JEAN KHI\u1ebeN ANH EM MU\u1ed0N \u201cM\u1eb6C M\u00c3I KH\u00d4NG MU\u1ed0N C\u1edeI\u201d<\/strong> \ud83d\udd25<\/h3>\n<p data-start=\"293\" data-end=\"519\">B\u1ea1n \u0111ang t\u00ecm m\u1ed9t chi\u1ebfc qu\u1ea7n jean <strong data-start=\"326\" data-end=\"352\">\u0111\u1eb9p &#8211; ch\u1ea5t &#8211; tho\u1ea3i m\u00e1i<\/strong>, v\u1eeba \u0111\u1ee7 c\u00e1 t\u00ednh nh\u01b0ng v\u1eabn d\u1ec5 ph\u1ed1i, v\u1eeba h\u1ee3p th\u1eddi m\u00e0 v\u1eabn \u0111\u1eadm ch\u1ea5t ri\u00eang? \u0110\u00e2y ch\u00ednh l\u00e0 &#8220;v\u0169 kh\u00ed b\u00ed m\u1eadt&#8221; d\u00e0nh cho anh em mu\u1ed1n <strong data-start=\"474\" data-end=\"500\">n\u00e2ng c\u1ea5p gu th\u1eddi trang<\/strong> m\u00e0 kh\u00f4ng c\u1ea7n g\u1ed3ng!<\/p>\n","protected":false},"featured_media":308,"comment_status":"open","ping_status":"closed","template":"","meta":[],"product_brand":[],"product_cat":[15],"product_tag":[],"class_list":{"0":"post-307","1":"product","2":"type-product","3":"status-publish","4":"has-post-thumbnail","6":"product_cat-uncategorized","8":"first","9":"instock","10":"shipping-taxable","11":"purchasable","12":"product-type-simple"},"_links":{"self":[{"href":"https:\/\/hoangthien.toidayhoc.com\/index.php\/wp-json\/wp\/v2\/product\/307","targetHints":{"allow":["GET"]}}],"collection":[{"href":"https:\/\/hoangthien.toidayhoc.com\/index.php\/wp-json\/wp\/v2\/product"}],"about":[{"href":"https:\/\/hoangthien.toidayhoc.com\/index.php\/wp-json\/wp\/v2\/types\/product"}],"replies":[{"embeddable":true,"href":"https:\/\/hoangthien.toidayhoc.com\/index.php\/wp-json\/wp\/v2\/comments?post=307"}],"wp:featuredmedia":[{"embeddable":true,"href":"https:\/\/hoangthien.toidayhoc.com\/index.php\/wp-json\/wp\/v2\/media\/308"}],"wp:attachment":[{"href":"https:\/\/hoangthien.toidayhoc.com\/index.php\/wp-json\/wp\/v2\/media?parent=307"}],"wp:term":[{"taxonomy":"product_brand","embeddable":true,"href":"https:\/\/hoangthien.toidayhoc.com\/index.php\/wp-json\/wp\/v2\/product_brand?post=307"},{"taxonomy":"product_cat","embeddable":true,"href":"https:\/\/hoangthien.toidayhoc.com\/index.php\/wp-json\/wp\/v2\/product_cat?post=307"},{"taxonomy":"product_tag","embeddable":true,"href":"https:\/\/hoangthien.toidayhoc.com\/index.php\/wp-json\/wp\/v2\/product_tag?post=307"}],"curies":[{"name":"wp","href":"https:\/\/api.w.org\/{rel}","templated":true}]}}