{"id":270,"date":"2025-09-03T09:38:00","date_gmt":"2025-09-03T09:38:00","guid":{"rendered":"https:\/\/hoangthien.toidayhoc.com\/?post_type=product&#038;p=270"},"modified":"2025-09-03T09:38:01","modified_gmt":"2025-09-03T09:38:01","slug":"quan-kaki-phom-rong-rai-hiphop-chat-vai-co-gian","status":"publish","type":"product","link":"https:\/\/hoangthien.toidayhoc.com\/index.php\/product\/quan-kaki-phom-rong-rai-hiphop-chat-vai-co-gian\/","title":{"rendered":"QU\u1ea6N KAKI PHOM R\u1ed8NG R\u1ea2I HIPHOP CH\u1ea4T V\u1ea2I CO GI\u1ea2N"},"content":{"rendered":"<p data-start=\"183\" data-end=\"267\">\ud83d\udd25 <strong data-start=\"186\" data-end=\"264\">QU\u1ea6N KAKI PHOM R\u1ed8NG HIPHOP \u2013 B\u1ea2N L\u0128NH \u0110\u01af\u1edcNG PH\u1ed0, CH\u1ea4T KH\u00d4NG PH\u1ea2I D\u1ea0NG V\u1eeaA!<\/strong> \ud83d\udd25<\/p>\n<p data-start=\"269\" data-end=\"496\"><strong data-start=\"269\" data-end=\"314\">\u0110\u1ecbnh h\u00ecnh phong c\u00e1ch &#8211; N\u00e2ng t\u1ea7m kh\u00ed ch\u1ea5t.<\/strong><br data-start=\"314\" data-end=\"317\" \/>Chi\u1ebfc qu\u1ea7n <strong data-start=\"328\" data-end=\"353\">kaki phom r\u1ed9ng Hiphop<\/strong> n\u00e0y kh\u00f4ng ch\u1ec9 \u0111\u01a1n gi\u1ea3n l\u00e0 m\u1ed9t item th\u1eddi trang \u2013 n\u00f3 l\u00e0 <strong data-start=\"408\" data-end=\"430\">tuy\u00ean ng\u00f4n c\u00e1 t\u00ednh<\/strong> c\u1ee7a nh\u1eefng t\u00e2m h\u1ed3n y\u00eau t\u1ef1 do, ph\u00f3ng kho\u00e1ng, v\u00e0 \u0111\u1eadm ch\u1ea5t \u0111\u01b0\u1eddng ph\u1ed1!<\/p>\n<p data-start=\"498\" data-end=\"796\">\ud83d\udda4 <strong data-start=\"501\" data-end=\"525\">PHOM R\u1ed8NG CHU\u1ea8N HYPE<\/strong><br data-start=\"525\" data-end=\"528\" \/>Form d\u00e1ng \u0111\u01b0\u1ee3c c\u1eaft may theo xu h\u01b0\u1edbng <strong data-start=\"565\" data-end=\"594\">oversized hiphop hi\u1ec7n \u0111\u1ea1i<\/strong> \u2013 kh\u00f4ng g\u00f2 b\u00f3, kh\u00f4ng g\u01b0\u1ee3ng \u00e9p, mang \u0111\u1ebfn c\u1ea3m gi\u00e1c tho\u1ea3i m\u00e1i t\u1ed1i \u0111a trong t\u1eebng chuy\u1ec3n \u0111\u1ed9ng. D\u00f9 l\u00e0 <strong data-start=\"691\" data-end=\"744\">drop dance, tr\u01b0\u1ee3t v\u00e1n hay ch\u1ec9 \u0111\u01a1n gi\u1ea3n l\u00e0 d\u1ea1o ph\u1ed1<\/strong>, b\u1ea1n v\u1eabn n\u1ed5i b\u1eadt v\u1edbi kh\u00ed ch\u1ea5t &#8220;cool ng\u1ea7u&#8221; c\u1ef1c ch\u1ea5t.<\/p>\n<p data-start=\"798\" data-end=\"1139\">\ud83d\udca5 <strong data-start=\"801\" data-end=\"861\">CH\u1ea4T V\u1ea2I KAKI CO GI\u00c3N \u2013 \u00caM M\u1ecaN, CH\u1ecaU L\u1ef0C, KH\u00d4NG B\u00d3P D\u00c1NG<\/strong><br data-start=\"861\" data-end=\"864\" \/>Kh\u00f4ng c\u00f2n l\u00e0 kaki th\u00f4 c\u1ee9ng nh\u01b0 b\u1ea1n t\u1eebng bi\u1ebft \u2013 \u0111\u00e2y l\u00e0 <strong data-start=\"918\" data-end=\"951\">lo\u1ea1i kaki pha spandex cao c\u1ea5p<\/strong>, c\u00f3 \u0111\u1ed9 <strong data-start=\"959\" data-end=\"974\">co gi\u00e3n nh\u1eb9<\/strong>, t\u1ea1o n\u00ean <strong data-start=\"984\" data-end=\"1010\">s\u1ef1 linh ho\u1ea1t tuy\u1ec7t \u0111\u1ed1i<\/strong> khi v\u1eadn \u0111\u1ed9ng. C\u1ea3m gi\u00e1c m\u1eb7c nh\u01b0 \u201c\u00f4m m\u00e0 kh\u00f4ng b\u00f3\u201d, v\u1eeba <strong data-start=\"1064\" data-end=\"1077\">\u0111\u1ee9ng form<\/strong>, v\u1eeba <strong data-start=\"1083\" data-end=\"1094\">m\u1ec1m m\u1ea1i<\/strong>, \u0111\u1ea3m b\u1ea3o m\u1eb7c c\u1ea3 ng\u00e0y d\u00e0i v\u1eabn c\u1ef1c k\u1ef3 d\u1ec5 ch\u1ecbu.<\/p>\n<p data-start=\"1141\" data-end=\"1192\">\ud83c\udfaf <strong data-start=\"1144\" data-end=\"1190\">CHI TI\u1ebeT C\u1ef0C NGH\u1ec6 &#8211; MANG H\u01a0I TH\u1ede \u0110\u01af\u1edcNG PH\u1ed0<\/strong><\/p>\n<ul data-start=\"1193\" data-end=\"1586\">\n<li data-start=\"1193\" data-end=\"1292\">\n<p data-start=\"1195\" data-end=\"1292\">C\u1ea1p qu\u1ea7n b\u1ea3n l\u1edbn ph\u1ed1i <strong data-start=\"1217\" data-end=\"1245\">d\u00e2y r\u00fat\/kho\u00e1 k\u00e9o t\u00f9y m\u1eabu<\/strong>, v\u1eeba ti\u1ec7n d\u1ee5ng v\u1eeba t\u0103ng th\u00eam \u0111\u1ed9 \u201cch\u1ea5t ch\u01a1i\u201d.<\/p>\n<\/li>\n<li data-start=\"1293\" data-end=\"1463\">\n<p data-start=\"1295\" data-end=\"1463\"><strong data-start=\"1295\" data-end=\"1310\">T\u00fai h\u1ed9p l\u1edbn<\/strong>, <strong data-start=\"1312\" data-end=\"1333\">\u0111\u01b0\u1eddng may n\u1ed5i b\u1eadt<\/strong>, <strong data-start=\"1335\" data-end=\"1356\">logo th\u00eau tinh t\u1ebf<\/strong> \u2013 t\u1eebng chi ti\u1ebft nh\u1ecf \u0111\u1ec1u \u0111\u01b0\u1ee3c \u0111\u1ea7u t\u01b0 \u0111\u1ec3 t\u1ea1o n\u00ean m\u1ed9t t\u1ed5ng th\u1ec3 <strong data-start=\"1417\" data-end=\"1437\">chu\u1ea9n streetwear<\/strong> kh\u00f4ng ch\u00ea v\u00e0o \u0111\u00e2u \u0111\u01b0\u1ee3c.<\/p>\n<\/li>\n<li data-start=\"1464\" data-end=\"1586\">\n<p data-start=\"1466\" data-end=\"1586\">C\u00f3 \u0111\u1ee7 tone m\u00e0u trendy: <strong data-start=\"1489\" data-end=\"1542\">\u0111en h\u1eafc \u00e1m, x\u00e1m tro b\u1ee5i, be ng\u1ecdt kh\u00f3i, xanh olive<\/strong>&#8230; ph\u1ed1i \u0111\u1ed3 ki\u1ec3u g\u00ec c\u0169ng <strong data-start=\"1567\" data-end=\"1585\">auto l\u00ean tr\u00ecnh<\/strong>.<\/p>\n<\/li>\n<\/ul>\n<p data-start=\"1588\" data-end=\"1843\">\ud83c\udf2a\ufe0f <strong data-start=\"1592\" data-end=\"1666\">\u0110\u00c2Y KH\u00d4NG CH\u1ec8 L\u00c0 QU\u1ea6N \u2013 \u0110\u00c2Y L\u00c0 M\u1ea2NH GH\u00c9P PHONG C\u00c1CH M\u00c0 B\u1ea0N \u0110ANG THI\u1ebeU!<\/strong><br data-start=\"1666\" data-end=\"1669\" \/>D\u00f9 b\u1ea1n l\u00e0 <strong data-start=\"1679\" data-end=\"1689\">dancer<\/strong>, <strong data-start=\"1691\" data-end=\"1701\">rapper<\/strong>, <strong data-start=\"1703\" data-end=\"1713\">skater<\/strong> hay ch\u1ec9 \u0111\u01a1n gi\u1ea3n l\u00e0 <strong data-start=\"1734\" data-end=\"1766\">ng\u01b0\u1eddi y\u00eau th\u1eddi trang c\u00e1 t\u00ednh<\/strong>, th\u00ec chi\u1ebfc qu\u1ea7n n\u00e0y ch\u00ednh l\u00e0 \u201cbest pick\u201d gi\u00fap b\u1ea1n n\u1ed5i b\u1eadt m\u00e0 kh\u00f4ng c\u1ea7n g\u1ed3ng.<\/p>\n","protected":false},"excerpt":{"rendered":"<p data-start=\"183\" data-end=\"267\">\ud83d\udd25 <strong data-start=\"186\" data-end=\"264\">QU\u1ea6N KAKI PHOM R\u1ed8NG HIPHOP \u2013 B\u1ea2N L\u0128NH \u0110\u01af\u1edcNG PH\u1ed0, CH\u1ea4T KH\u00d4NG PH\u1ea2I D\u1ea0NG V\u1eeaA!<\/strong> \ud83d\udd25<\/p>\n<p data-start=\"269\" data-end=\"496\"><strong data-start=\"269\" data-end=\"314\">\u0110\u1ecbnh h\u00ecnh phong c\u00e1ch &#8211; N\u00e2ng t\u1ea7m kh\u00ed ch\u1ea5t.<\/strong><br data-start=\"314\" data-end=\"317\" \/>Chi\u1ebfc qu\u1ea7n <strong data-start=\"328\" data-end=\"353\">kaki phom r\u1ed9ng Hiphop<\/strong> n\u00e0y kh\u00f4ng ch\u1ec9 \u0111\u01a1n gi\u1ea3n l\u00e0 m\u1ed9t item th\u1eddi trang \u2013 n\u00f3 l\u00e0 <strong data-start=\"408\" data-end=\"430\">tuy\u00ean ng\u00f4n c\u00e1 t\u00ednh<\/strong> c\u1ee7a nh\u1eefng t\u00e2m h\u1ed3n y\u00eau t\u1ef1 do, ph\u00f3ng kho\u00e1ng, v\u00e0 \u0111\u1eadm ch\u1ea5t \u0111\u01b0\u1eddng ph\u1ed1<\/p>\n","protected":false},"featured_media":271,"comment_status":"open","ping_status":"closed","template":"","meta":[],"product_brand":[],"product_cat":[15],"product_tag":[],"class_list":{"0":"post-270","1":"product","2":"type-product","3":"status-publish","4":"has-post-thumbnail","6":"product_cat-uncategorized","8":"first","9":"instock","10":"shipping-taxable","11":"purchasable","12":"product-type-simple"},"_links":{"self":[{"href":"https:\/\/hoangthien.toidayhoc.com\/index.php\/wp-json\/wp\/v2\/product\/270","targetHints":{"allow":["GET"]}}],"collection":[{"href":"https:\/\/hoangthien.toidayhoc.com\/index.php\/wp-json\/wp\/v2\/product"}],"about":[{"href":"https:\/\/hoangthien.toidayhoc.com\/index.php\/wp-json\/wp\/v2\/types\/product"}],"replies":[{"embeddable":true,"href":"https:\/\/hoangthien.toidayhoc.com\/index.php\/wp-json\/wp\/v2\/comments?post=270"}],"wp:featuredmedia":[{"embeddable":true,"href":"https:\/\/hoangthien.toidayhoc.com\/index.php\/wp-json\/wp\/v2\/media\/271"}],"wp:attachment":[{"href":"https:\/\/hoangthien.toidayhoc.com\/index.php\/wp-json\/wp\/v2\/media?parent=270"}],"wp:term":[{"taxonomy":"product_brand","embeddable":true,"href":"https:\/\/hoangthien.toidayhoc.com\/index.php\/wp-json\/wp\/v2\/product_brand?post=270"},{"taxonomy":"product_cat","embeddable":true,"href":"https:\/\/hoangthien.toidayhoc.com\/index.php\/wp-json\/wp\/v2\/product_cat?post=270"},{"taxonomy":"product_tag","embeddable":true,"href":"https:\/\/hoangthien.toidayhoc.com\/index.php\/wp-json\/wp\/v2\/product_tag?post=270"}],"curies":[{"name":"wp","href":"https:\/\/api.w.org\/{rel}","templated":true}]}}