{"id":207,"date":"2025-09-02T12:54:04","date_gmt":"2025-09-02T12:54:04","guid":{"rendered":"https:\/\/hoangthien.toidayhoc.com\/?post_type=product&#038;p=207"},"modified":"2025-09-02T12:54:04","modified_gmt":"2025-09-02T12:54:04","slug":"ao-co-tru-polo-chat-vai-det-kim-phong-cach-hang-quoc","status":"publish","type":"product","link":"https:\/\/hoangthien.toidayhoc.com\/index.php\/product\/ao-co-tru-polo-chat-vai-det-kim-phong-cach-hang-quoc\/","title":{"rendered":"\u00c1O C\u1ed4 TR\u1ee4 POLO CH\u1ea4T V\u1ea2I D\u1ec6T KIM PHONG C\u00c1CH H\u00c0NG QU\u1ed0C"},"content":{"rendered":"<h3 data-start=\"201\" data-end=\"250\"><strong data-start=\"205\" data-end=\"250\">KH\u1eb2NG \u0110\u1ecaNH PHONG C\u00c1CH \u2013 N\u00c2NG T\u1ea6M \u0110\u1eb2NG C\u1ea4P<\/strong><\/h3>\n<p data-start=\"252\" data-end=\"547\">H\u00e3y t\u01b0\u1edfng t\u01b0\u1ee3ng b\u1ea1n kho\u00e1c l\u00ean m\u00ecnh m\u1ed9t chi\u1ebfc <strong data-start=\"297\" data-end=\"320\">\u00e1o thun c\u1ed5 tr\u1ee5 polo<\/strong> \u0111\u01b0\u1ee3c ch\u1ebf t\u00e1c t\u1eeb ch\u1ea5t li\u1ec7u <strong data-start=\"347\" data-end=\"370\">v\u1ea3i d\u1ec7t kim cao c\u1ea5p<\/strong>, m\u1ec1m m\u1ea1i nh\u01b0 l\u1ee5a, m\u00e1t l\u1ea1nh tr\u00ean da v\u00e0 co gi\u00e3n nh\u1eb9 nh\u00e0ng theo t\u1eebng chuy\u1ec3n \u0111\u1ed9ng. T\u1eebng \u0111\u01b0\u1eddng kim m\u0169i ch\u1ec9 \u0111\u01b0\u1ee3c ch\u0103m ch\u00fat t\u1ec9 m\u1ec9, to\u00e1t l\u00ean s\u1ef1 tinh t\u1ebf v\u00e0 \u0111\u1eb3ng c\u1ea5p trong t\u1eebng chi ti\u1ebft.<\/p>\n<p data-start=\"549\" data-end=\"794\">Chi\u1ebfc \u00e1o s\u1edf h\u1eefu <strong data-start=\"565\" data-end=\"590\">phom d\u00e1ng \u00f4m g\u1ecdn g\u00e0ng<\/strong>, v\u1eeba v\u1eb7n c\u01a1 th\u1ec3 nh\u01b0ng kh\u00f4ng g\u00f2 b\u00f3 \u2013 gi\u00fap t\u00f4n l\u00ean th\u00e2n h\u00ecnh m\u1ea1nh m\u1ebd, b\u1edd vai r\u1ed9ng, khu\u00f4n ng\u1ef1c s\u0103n ch\u1eafc v\u00e0 v\u00f2ng eo thon g\u1ecdn. B\u1ea1n s\u1ebd th\u1ea5y m\u00ecnh tr\u1edf n\u00ean <strong data-start=\"738\" data-end=\"774\">l\u1ecbch l\u00e3m, t\u1ef1 tin v\u00e0 \u0111\u1ea7y cu\u1ed1n h\u00fat<\/strong> ch\u1ec9 trong t\u00edch t\u1eafc.<\/p>\n<p data-start=\"796\" data-end=\"1088\">Kh\u00f4ng \u0111\u01a1n thu\u1ea7n ch\u1ec9 l\u00e0 m\u1ed9t chi\u1ebfc \u00e1o \u2013 \u0111\u00e2y l\u00e0 <strong data-start=\"841\" data-end=\"869\">tuy\u00ean ng\u00f4n v\u1ec1 gu th\u1ea9m m\u1ef9<\/strong> v\u00e0 <strong data-start=\"873\" data-end=\"904\">phong th\u00e1i \u0111\u00e0n \u00f4ng hi\u1ec7n \u0111\u1ea1i<\/strong>: m\u1ea1nh m\u1ebd, tinh t\u1ebf nh\u01b0ng v\u1eabn v\u00f4 c\u00f9ng tho\u1ea3i m\u00e1i. D\u00f9 l\u00e0 \u0111i l\u00e0m, \u0111i g\u1eb7p \u0111\u1ed1i t\u00e1c hay d\u1ea1o ph\u1ed1 cu\u1ed1i tu\u1ea7n, chi\u1ebfc \u00e1o n\u00e0y lu\u00f4n khi\u1ebfn b\u1ea1n n\u1ed5i b\u1eadt m\u1ed9t c\u00e1ch t\u1ef1 nhi\u00ean, thu h\u00fat \u00e1nh nh\u00ecn t\u1eeb m\u1ecdi ph\u00eda.<\/p>\n<p data-start=\"1090\" data-end=\"1281\">Gam m\u00e0u trung t\u00ednh d\u1ec5 ph\u1ed1i, thi\u1ebft k\u1ebf c\u1ed5 tr\u1ee5 l\u1ecbch s\u1ef1 m\u00e0 kh\u00f4ng c\u1ee9ng nh\u1eafc \u2013 t\u1ea5t c\u1ea3 h\u00f2a quy\u1ec7n \u0111\u1ec3 t\u1ea1o n\u00ean m\u1ed9t <strong data-start=\"1195\" data-end=\"1232\">t\u00e1c ph\u1ea9m th\u1eddi trang kh\u00f4ng l\u1ed7i m\u1ed1t<\/strong>, v\u01b0\u1ee3t qua gi\u1edbi h\u1ea1n c\u1ee7a nh\u1eefng xu h\u01b0\u1edbng nh\u1ea5t th\u1eddi.<\/p>\n<hr data-start=\"1283\" data-end=\"1286\" \/>\n<p data-start=\"1288\" data-end=\"1374\">\ud83d\udc49 <strong data-start=\"1291\" data-end=\"1327\">\u0110\u1eebng ch\u1ec9 m\u1eb7c \u2013 h\u00e3y t\u1ea1o \u1ea5n t\u01b0\u1ee3ng.<\/strong><br data-start=\"1327\" data-end=\"1330\" \/>\ud83d\udc49 <strong data-start=\"1333\" data-end=\"1374\">\u0110\u1eebng ch\u1ec9 ch\u1ecdn \u00e1o \u2013 h\u00e3y ch\u1ecdn kh\u00ed ch\u1ea5t.<\/strong><\/p>\n<p data-start=\"1376\" data-end=\"1490\"><strong data-start=\"1376\" data-end=\"1490\">Chi\u1ebfc \u00e1o polo n\u00e0y kh\u00f4ng ch\u1ec9 l\u00e0 trang ph\u1ee5c \u2013 n\u00f3 l\u00e0 b\u1ea1n \u0111\u1ed3ng h\u00e0nh th\u1ec3 hi\u1ec7n phong c\u00e1ch v\u00e0 b\u1ea3n l\u0129nh c\u1ee7a ch\u00ednh b\u1ea1n.<\/strong><\/p>\n<p data-start=\"1492\" data-end=\"1535\">B\u1ea1n \u0111\u00e3 s\u1eb5n s\u00e0ng \u0111\u1ec3 chinh ph\u1ee5c m\u1ecdi \u00e1nh nh\u00ecn<\/p>\n","protected":false},"excerpt":{"rendered":"<p>H\u00e3y t\u01b0\u1edfng t\u01b0\u1ee3ng b\u1ea1n kho\u00e1c l\u00ean m\u00ecnh m\u1ed9t chi\u1ebfc <strong data-start=\"297\" data-end=\"320\">\u00e1o thun c\u1ed5 tr\u1ee5 polo<\/strong> \u0111\u01b0\u1ee3c ch\u1ebf t\u00e1c t\u1eeb ch\u1ea5t li\u1ec7u <strong data-start=\"347\" data-end=\"370\">v\u1ea3i d\u1ec7t kim cao c\u1ea5p<\/strong>, m\u1ec1m m\u1ea1i nh\u01b0 l\u1ee5a, m\u00e1t l\u1ea1nh tr\u00ean da v\u00e0 co gi\u00e3n nh\u1eb9 nh\u00e0ng theo t\u1eebng chuy\u1ec3n \u0111\u1ed9ng. T\u1eebng \u0111\u01b0\u1eddng kim m\u0169i ch\u1ec9 \u0111\u01b0\u1ee3c ch\u0103m ch\u00fat t\u1ec9 m\u1ec9, to\u00e1t l\u00ean s\u1ef1 tinh t\u1ebf v\u00e0 \u0111\u1eb3ng c\u1ea5p trong t\u1eebng chi ti\u1ebft.<\/p>\n","protected":false},"featured_media":208,"comment_status":"open","ping_status":"closed","template":"","meta":[],"product_brand":[],"product_cat":[15],"product_tag":[],"class_list":{"0":"post-207","1":"product","2":"type-product","3":"status-publish","4":"has-post-thumbnail","6":"product_cat-uncategorized","8":"first","9":"instock","10":"shipping-taxable","11":"purchasable","12":"product-type-simple"},"_links":{"self":[{"href":"https:\/\/hoangthien.toidayhoc.com\/index.php\/wp-json\/wp\/v2\/product\/207","targetHints":{"allow":["GET"]}}],"collection":[{"href":"https:\/\/hoangthien.toidayhoc.com\/index.php\/wp-json\/wp\/v2\/product"}],"about":[{"href":"https:\/\/hoangthien.toidayhoc.com\/index.php\/wp-json\/wp\/v2\/types\/product"}],"replies":[{"embeddable":true,"href":"https:\/\/hoangthien.toidayhoc.com\/index.php\/wp-json\/wp\/v2\/comments?post=207"}],"wp:featuredmedia":[{"embeddable":true,"href":"https:\/\/hoangthien.toidayhoc.com\/index.php\/wp-json\/wp\/v2\/media\/208"}],"wp:attachment":[{"href":"https:\/\/hoangthien.toidayhoc.com\/index.php\/wp-json\/wp\/v2\/media?parent=207"}],"wp:term":[{"taxonomy":"product_brand","embeddable":true,"href":"https:\/\/hoangthien.toidayhoc.com\/index.php\/wp-json\/wp\/v2\/product_brand?post=207"},{"taxonomy":"product_cat","embeddable":true,"href":"https:\/\/hoangthien.toidayhoc.com\/index.php\/wp-json\/wp\/v2\/product_cat?post=207"},{"taxonomy":"product_tag","embeddable":true,"href":"https:\/\/hoangthien.toidayhoc.com\/index.php\/wp-json\/wp\/v2\/product_tag?post=207"}],"curies":[{"name":"wp","href":"https:\/\/api.w.org\/{rel}","templated":true}]}}