{"id":166,"date":"2025-08-30T11:58:08","date_gmt":"2025-08-30T11:58:08","guid":{"rendered":"https:\/\/hoangthien.toidayhoc.com\/?post_type=product&#038;p=166"},"modified":"2025-08-30T11:58:08","modified_gmt":"2025-08-30T11:58:08","slug":"ao-co-tru-polo-chat-vai-ca-sau-cotton","status":"publish","type":"product","link":"https:\/\/hoangthien.toidayhoc.com\/index.php\/product\/ao-co-tru-polo-chat-vai-ca-sau-cotton\/","title":{"rendered":"\u00c1O C\u1ed4 TR\u1ee4 POLO CH\u1ea4T V\u1ea2I C\u00c1 S\u00c1U COTTON"},"content":{"rendered":"<p data-start=\"100\" data-end=\"177\"><strong data-start=\"100\" data-end=\"177\">\u00c1<\/strong><strong style=\"font-size: 1rem;\" data-start=\"100\" data-end=\"177\">\u00a0Polo C\u1ed5 Tr\u1ee5 C\u00e1 S\u1ea5u Cotton \u2013 \u0110\u1ecbnh Ngh\u0129a L\u1ea1i Phong C\u00e1ch V\u00e0 S\u1ef1 Tho\u1ea3i M\u00e1i!<\/strong><\/p>\n<p data-start=\"100\" data-end=\"177\"><strong data-start=\"100\" data-end=\"177\"><span style=\"font-size: 1rem; font-weight: 400;\">Kh\u00e1m ph\u00e1 s\u1ef1 k\u1ebft h\u1ee3p ho\u00e0n h\u1ea3o gi\u1eefa<\/span><span style=\"font-size: 1rem; font-weight: 400;\">\u00a0<\/span><strong style=\"font-size: 1rem;\" data-start=\"213\" data-end=\"227\">phong c\u00e1ch<\/strong><span style=\"font-size: 1rem; font-weight: 400;\">\u00a0<\/span><span style=\"font-size: 1rem; font-weight: 400;\">v\u00e0<\/span><span style=\"font-size: 1rem; font-weight: 400;\">\u00a0<\/span><strong style=\"font-size: 1rem;\" data-start=\"231\" data-end=\"244\">tho\u1ea3i m\u00e1i<\/strong><span style=\"font-size: 1rem; font-weight: 400;\">\u00a0<\/span><span style=\"font-size: 1rem; font-weight: 400;\">trong chi\u1ebfc \u00e1o polo c\u1ed5 tr\u1ee5 \u0111\u01b0\u1ee3c l\u00e0m t\u1eeb ch\u1ea5t li\u1ec7u<\/span><span style=\"font-size: 1rem; font-weight: 400;\">\u00a0<\/span><strong style=\"font-size: 1rem;\" data-start=\"294\" data-end=\"311\">c\u00e1 s\u1ea5u cotton<\/strong><span style=\"font-size: 1rem; font-weight: 400;\">\u00a0<\/span><span style=\"font-size: 1rem; font-weight: 400;\">cao c\u1ea5p. M\u1ed7i s\u1ee3i v\u1ea3i kh\u00f4ng ch\u1ec9 m\u1ec1m m\u1ecbn m\u00e0 c\u00f2n c\u00f3 kh\u1ea3 n\u0103ng<\/span><span style=\"font-size: 1rem; font-weight: 400;\">\u00a0<\/span><strong style=\"font-size: 1rem;\" data-start=\"370\" data-end=\"389\">th\u1ea5m h\u00fat m\u1ed3 h\u00f4i<\/strong><span style=\"font-size: 1rem; font-weight: 400;\">\u00a0<\/span><span style=\"font-size: 1rem; font-weight: 400;\">tuy\u1ec7t v\u1eddi, gi\u00fap b\u1ea1n lu\u00f4n c\u1ea3m th\u1ea5y<\/span><span style=\"font-size: 1rem; font-weight: 400;\">\u00a0<\/span><strong style=\"font-size: 1rem;\" data-start=\"424\" data-end=\"438\">kh\u00f4 tho\u00e1ng<\/strong><span style=\"font-size: 1rem; font-weight: 400;\">\u00a0<\/span><span style=\"font-size: 1rem; font-weight: 400;\">v\u00e0 t\u1ef1 tin su\u1ed1t c\u1ea3 ng\u00e0y d\u00e0i. Ch\u1ea5t v\u1ea3i<\/span><span style=\"font-size: 1rem; font-weight: 400;\">\u00a0<\/span><strong style=\"font-size: 1rem;\" data-start=\"476\" data-end=\"491\">co gi\u00e3n nh\u1eb9<\/strong><span style=\"font-size: 1rem; font-weight: 400;\">\u00a0<\/span><span style=\"font-size: 1rem; font-weight: 400;\">s\u1ebd \u00f4m g\u1ecdn l\u1ea5y c\u01a1 th\u1ec3, t\u1ea1o n\u00ean m\u1ed9t phom d\u00e1ng<\/span><span style=\"font-size: 1rem; font-weight: 400;\">\u00a0<\/span><strong style=\"font-size: 1rem;\" data-start=\"536\" data-end=\"548\">g\u1ecdn g\u00e0ng<\/strong><span style=\"font-size: 1rem; font-weight: 400;\">\u00a0<\/span><span style=\"font-size: 1rem; font-weight: 400;\">v\u00e0 c\u1ef1c k\u1ef3<\/span><span style=\"font-size: 1rem; font-weight: 400;\">\u00a0<\/span><strong style=\"font-size: 1rem;\" data-start=\"559\" data-end=\"579\">t\u00f4n l\u00ean v\u00f3c d\u00e1ng<\/strong><span style=\"font-size: 1rem; font-weight: 400;\">\u00a0<\/span><span style=\"font-size: 1rem; font-weight: 400;\">c\u1ee7a b\u1ea1<\/span>o<\/strong><span style=\"font-size: 1rem;\">n.<\/span><\/p>\n<p data-start=\"590\" data-end=\"854\">D\u00f9 b\u1ea1n \u0111i l\u00e0m, \u0111i ch\u01a1i hay tham gia nh\u1eefng bu\u1ed5i t\u1ee5 h\u1ecdp c\u00f9ng b\u1ea1n b\u00e8, chi\u1ebfc \u00e1o n\u00e0y lu\u00f4n l\u00e0 l\u1ef1a ch\u1ecdn l\u00fd t\u01b0\u1edfng. Ki\u1ec3u d\u00e1ng <strong data-start=\"707\" data-end=\"717\">c\u1ed5 tr\u1ee5<\/strong> hi\u1ec7n \u0111\u1ea1i v\u00e0 sang tr\u1ecdng k\u1ebft h\u1ee3p v\u1edbi ch\u1ea5t v\u1ea3i <strong data-start=\"762\" data-end=\"773\">m\u1ec1m m\u1ea1i<\/strong>, <strong data-start=\"775\" data-end=\"789\">tho\u00e1ng m\u00e1t<\/strong> gi\u00fap b\u1ea1n tr\u00f4ng <strong data-start=\"805\" data-end=\"818\">n\u0103ng \u0111\u1ed9ng<\/strong> nh\u01b0ng v\u1eabn gi\u1eef \u0111\u01b0\u1ee3c s\u1ef1 <strong data-start=\"841\" data-end=\"853\">l\u1ecbch l\u00e3m<\/strong>.<\/p>\n<p data-start=\"856\" data-end=\"1142\">V\u1edbi chi\u1ebfc \u00e1o polo n\u00e0y, b\u1ea1n kh\u00f4ng ch\u1ec9 c\u00f3 <strong data-start=\"896\" data-end=\"914\">m\u1ed9t trang ph\u1ee5c<\/strong> m\u00e0 c\u00f2n l\u00e0 <strong data-start=\"925\" data-end=\"942\">b\u1ea1n \u0111\u1ed3ng h\u00e0nh<\/strong> kh\u00f4ng th\u1ec3 thi\u1ebfu trong t\u1ee7 \u0111\u1ed3. \u0110\u01b0\u1ee3c thi\u1ebft k\u1ebf \u0111\u1ec3 ph\u00f9 h\u1ee3p v\u1edbi m\u1ecdi phong c\u00e1ch v\u00e0 mang \u0111\u1ebfn c\u1ea3m gi\u00e1c tho\u1ea3i m\u00e1i <strong data-start=\"1047\" data-end=\"1063\">khi v\u1eadn \u0111\u1ed9ng<\/strong>, chi\u1ebfc \u00e1o n\u00e0y ch\u00ednh l\u00e0 l\u1ef1a ch\u1ecdn ho\u00e0n h\u1ea3o \u0111\u1ec3 b\u1ea1n <strong data-start=\"1112\" data-end=\"1124\">t\u1ecfa s\u00e1ng<\/strong> m\u1ecdi l\u00fac, m\u1ecdi n\u01a1i.<\/p>\n<p data-start=\"1144\" data-end=\"1247\"><strong data-start=\"1144\" data-end=\"1247\">\u0110\u1eebng b\u1ecf l\u1ee1 c\u01a1 h\u1ed9i s\u1edf h\u1eefu chi\u1ebfc \u00e1o polo n\u00e0y \u0111\u1ec3 n\u00e2ng t\u1ea7m phong c\u00e1ch v\u00e0 t\u1eadn h\u01b0\u1edfng s\u1ef1 tho\u1ea3i m\u00e1i t\u1ed1i \u01b0<\/strong><\/p>\n","protected":false},"excerpt":{"rendered":"<p data-start=\"100\" data-end=\"177\"><strong data-start=\"100\" data-end=\"177\">\u00c1o Polo C\u1ed5 Tr\u1ee5 C\u00e1 S\u1ea5u Cotton \u2013 \u0110\u1ecbnh Ngh\u0129a L\u1ea1i Phong C\u00e1ch V\u00e0 S\u1ef1 Tho\u1ea3i M\u00e1i!<\/strong><\/p>\n<p data-start=\"179\" data-end=\"588\">Kh\u00e1m ph\u00e1 s\u1ef1 k\u1ebft h\u1ee3p ho\u00e0n h\u1ea3o gi\u1eefa <strong data-start=\"213\" data-end=\"227\">phong c\u00e1ch<\/strong> v\u00e0 <strong data-start=\"231\" data-end=\"244\">tho\u1ea3i m\u00e1i<\/strong> trong chi\u1ebfc \u00e1o polo c\u1ed5 tr\u1ee5 \u0111\u01b0\u1ee3c l\u00e0m t\u1eeb ch\u1ea5t li\u1ec7u <strong data-start=\"294\" data-end=\"311\">c\u00e1 s\u1ea5u cotton<\/strong> cao c\u1ea5p. M\u1ed7i s\u1ee3i v\u1ea3i kh\u00f4ng ch\u1ec9 m\u1ec1m m\u1ecbn m\u00e0 c\u00f2n c\u00f3 kh\u1ea3 n\u0103ng <strong data-start=\"370\" data-end=\"389\">th\u1ea5m h\u00fat m\u1ed3 h\u00f4i<\/strong> tuy\u1ec7t v\u1eddi, gi\u00fap b\u1ea1n lu\u00f4n c\u1ea3m th\u1ea5y <strong data-start=\"424\" data-end=\"438\">kh\u00f4 tho\u00e1ng<\/strong> v\u00e0 t\u1ef1 tin su\u1ed1t c\u1ea3 ng\u00e0y d\u00e0i. Ch\u1ea5t v\u1ea3i <strong data-start=\"476\" data-end=\"491\">co gi\u00e3n nh\u1eb9<\/strong> s\u1ebd \u00f4m g\u1ecdn l\u1ea5y c\u01a1 th\u1ec3, t\u1ea1o n\u00ean m\u1ed9t phom d\u00e1ng <strong data-start=\"536\" data-end=\"548\">g\u1ecdn g\u00e0ng<\/strong> v\u00e0 c\u1ef1c k\u1ef3 <strong data-start=\"559\" data-end=\"579\">t\u00f4n l\u00ean v\u00f3c d\u00e1ng<\/strong> c\u1ee7a b\u1ea1n.<\/p>\n<p data-start=\"590\" data-end=\"854\">\n<p data-start=\"856\" data-end=\"1142\">\n","protected":false},"featured_media":167,"comment_status":"open","ping_status":"closed","template":"","meta":[],"product_brand":[],"product_cat":[15],"product_tag":[],"class_list":{"0":"post-166","1":"product","2":"type-product","3":"status-publish","4":"has-post-thumbnail","6":"product_cat-uncategorized","8":"first","9":"instock","10":"shipping-taxable","11":"purchasable","12":"product-type-simple"},"_links":{"self":[{"href":"https:\/\/hoangthien.toidayhoc.com\/index.php\/wp-json\/wp\/v2\/product\/166","targetHints":{"allow":["GET"]}}],"collection":[{"href":"https:\/\/hoangthien.toidayhoc.com\/index.php\/wp-json\/wp\/v2\/product"}],"about":[{"href":"https:\/\/hoangthien.toidayhoc.com\/index.php\/wp-json\/wp\/v2\/types\/product"}],"replies":[{"embeddable":true,"href":"https:\/\/hoangthien.toidayhoc.com\/index.php\/wp-json\/wp\/v2\/comments?post=166"}],"wp:featuredmedia":[{"embeddable":true,"href":"https:\/\/hoangthien.toidayhoc.com\/index.php\/wp-json\/wp\/v2\/media\/167"}],"wp:attachment":[{"href":"https:\/\/hoangthien.toidayhoc.com\/index.php\/wp-json\/wp\/v2\/media?parent=166"}],"wp:term":[{"taxonomy":"product_brand","embeddable":true,"href":"https:\/\/hoangthien.toidayhoc.com\/index.php\/wp-json\/wp\/v2\/product_brand?post=166"},{"taxonomy":"product_cat","embeddable":true,"href":"https:\/\/hoangthien.toidayhoc.com\/index.php\/wp-json\/wp\/v2\/product_cat?post=166"},{"taxonomy":"product_tag","embeddable":true,"href":"https:\/\/hoangthien.toidayhoc.com\/index.php\/wp-json\/wp\/v2\/product_tag?post=166"}],"curies":[{"name":"wp","href":"https:\/\/api.w.org\/{rel}","templated":true}]}}