{"id":138,"date":"2025-08-29T15:08:46","date_gmt":"2025-08-29T15:08:46","guid":{"rendered":"https:\/\/hoangthien.toidayhoc.com\/?post_type=product&#038;p=138"},"modified":"2025-08-29T15:08:46","modified_gmt":"2025-08-29T15:08:46","slug":"ao-thun-co-tron-in-hoa-tiet-bat-mat-chat-vai-100-cotton","status":"publish","type":"product","link":"https:\/\/hoangthien.toidayhoc.com\/index.php\/product\/ao-thun-co-tron-in-hoa-tiet-bat-mat-chat-vai-100-cotton\/","title":{"rendered":"\u00c1O THUN C\u1ed4 TR\u00d2N IN HO\u1ea0 TI\u1ebeT B\u1eaeT M\u1eaeT. CH\u1ea4T V\u1ea2I 100% COTTON"},"content":{"rendered":"<p data-start=\"165\" data-end=\"339\"><strong data-start=\"168\" data-end=\"214\">B\u1ee8T PH\u00c1 PHONG C\u00c1CH \u2013 KH\u1eb2NG \u0110\u1ecaNH CH\u1ea4T RI\u00caNG<\/strong> \ud83c\udf1f<br data-start=\"217\" data-end=\"220\" \/>Chi\u1ebfc \u00e1o thun c\u1ed5 tr\u00f2n nam n\u00e0y kh\u00f4ng ch\u1ec9 \u0111\u01a1n gi\u1ea3n l\u00e0 m\u1ed9t m\u00f3n \u0111\u1ed3 m\u1eb7c h\u00e0ng ng\u00e0y \u2013 <strong data-start=\"299\" data-end=\"338\">n\u00f3 l\u00e0 tuy\u00ean ng\u00f4n th\u1eddi trang c\u1ee7a b\u1ea1n<\/strong>!<\/p>\n<p data-start=\"341\" data-end=\"500\">\ud83c\udf00 <strong data-start=\"344\" data-end=\"376\">Ho\u1ea1 ti\u1ebft in n\u1ed5i b\u1eadt, b\u1eaft m\u1eaft<\/strong> \u2013 thu h\u00fat m\u1ecdi \u00e1nh nh\u00ecn ngay t\u1eeb l\u1ea7n \u0111\u1ea7u ch\u1ea1m m\u1eaft. D\u00f9 l\u00e0 xu\u1ed1ng ph\u1ed1, \u0111i ch\u01a1i hay d\u1ea1o bi\u1ec3n, b\u1ea1n v\u1eabn lu\u00f4n n\u1ed5i b\u1eadt gi\u1eefa \u0111\u00e1m \u0111\u00f4ng.<\/p>\n<p data-start=\"502\" data-end=\"698\">\ud83d\udc55 <strong data-start=\"505\" data-end=\"538\">Phom d\u00e1ng r\u1ed9ng r\u00e3i, tho\u1ea3i m\u00e1i<\/strong> \u2013 mang \u0111\u1ebfn c\u1ea3m gi\u00e1c d\u1ec5 ch\u1ecbu su\u1ed1t c\u1ea3 ng\u00e0y, ph\u00f9 h\u1ee3p v\u1edbi m\u1ecdi d\u00e1ng ng\u01b0\u1eddi. D\u00f9 b\u1ea1n mu\u1ed1n ph\u1ed1i c\u00f9ng qu\u1ea7n jeans b\u1ee5i b\u1eb7m hay short n\u0103ng \u0111\u1ed9ng, chi\u1ebfc \u00e1o n\u00e0y v\u1eabn &#8220;c\u00e2n&#8221; h\u1ebft!<\/p>\n<p data-start=\"700\" data-end=\"783\">\ud83c\udfa8 Ch\u1ea5t li\u1ec7u m\u1ec1m m\u1ea1i, co gi\u00e3n nh\u1eb9 \u2013 v\u1eeba tho\u00e1ng m\u00e1t, v\u1eeba b\u1ec1n m\u00e0u sau nhi\u1ec1u l\u1ea7n gi\u1eb7t.<\/p>\n<p data-start=\"785\" data-end=\"855\">\ud83d\udca5 Kh\u00f4ng ch\u1ec9 l\u00e0 \u00e1o \u2013 <strong data-start=\"806\" data-end=\"854\">\u0111\u00e2y l\u00e0 kh\u00ed ch\u1ea5t, l\u00e0 c\u00e1 t\u00ednh, l\u00e0 s\u1ef1 kh\u00e1c bi\u1ec7t<\/strong>!<\/p>\n<p data-start=\"857\" data-end=\"937\">\ud83d\udc49 <strong data-start=\"860\" data-end=\"875\">S\u1edf h\u1eefu ngay<\/strong> \u0111\u1ec3 n\u00e2ng t\u1ea7m outfit v\u00e0 khi\u1ebfn ng\u01b0\u1eddi \u0111\u1ed1i di\u1ec7n kh\u00f4ng th\u1ec3 r\u1eddi m\u1eaf<\/p>\n","protected":false},"excerpt":{"rendered":"<p data-start=\"165\" data-end=\"339\"><strong data-start=\"168\" data-end=\"214\">B\u1ee8T PH\u00c1 PHONG C\u00c1CH \u2013 KH\u1eb2NG \u0110\u1ecaNH CH\u1ea4T RI\u00caNG<\/strong> \ud83c\udf1f<br data-start=\"217\" data-end=\"220\" \/>Chi\u1ebfc \u00e1o thun c\u1ed5 tr\u00f2n nam n\u00e0y kh\u00f4ng ch\u1ec9 \u0111\u01a1n gi\u1ea3n l\u00e0 m\u1ed9t m\u00f3n \u0111\u1ed3 m\u1eb7c h\u00e0ng ng\u00e0y \u2013 <strong data-start=\"299\" data-end=\"338\">n\u00f3 l\u00e0 tuy\u00ean ng\u00f4n th\u1eddi trang c\u1ee7a b\u1ea1n<\/strong>!<\/p>\n<p data-start=\"341\" data-end=\"500\">\ud83c\udf00 <strong data-start=\"344\" data-end=\"376\">Ho\u1ea1 ti\u1ebft in n\u1ed5i b\u1eadt, b\u1eaft m\u1eaft<\/strong> \u2013 thu h\u00fat m\u1ecdi \u00e1nh nh\u00ecn ngay t\u1eeb l\u1ea7n \u0111\u1ea7u ch\u1ea1m m\u1eaft. D\u00f9 l\u00e0 xu\u1ed1ng ph\u1ed1, \u0111i ch\u01a1i hay d\u1ea1o bi\u1ec3n, b\u1ea1n v\u1eabn lu\u00f4n n\u1ed5i b\u1eadt gi\u1eefa \u0111\u00e1m \u0111\u00f4ng<\/p>\n","protected":false},"featured_media":139,"comment_status":"open","ping_status":"closed","template":"","meta":[],"product_brand":[],"product_cat":[15],"product_tag":[],"class_list":{"0":"post-138","1":"product","2":"type-product","3":"status-publish","4":"has-post-thumbnail","6":"product_cat-uncategorized","8":"first","9":"instock","10":"shipping-taxable","11":"product-type-simple"},"_links":{"self":[{"href":"https:\/\/hoangthien.toidayhoc.com\/index.php\/wp-json\/wp\/v2\/product\/138","targetHints":{"allow":["GET"]}}],"collection":[{"href":"https:\/\/hoangthien.toidayhoc.com\/index.php\/wp-json\/wp\/v2\/product"}],"about":[{"href":"https:\/\/hoangthien.toidayhoc.com\/index.php\/wp-json\/wp\/v2\/types\/product"}],"replies":[{"embeddable":true,"href":"https:\/\/hoangthien.toidayhoc.com\/index.php\/wp-json\/wp\/v2\/comments?post=138"}],"wp:featuredmedia":[{"embeddable":true,"href":"https:\/\/hoangthien.toidayhoc.com\/index.php\/wp-json\/wp\/v2\/media\/139"}],"wp:attachment":[{"href":"https:\/\/hoangthien.toidayhoc.com\/index.php\/wp-json\/wp\/v2\/media?parent=138"}],"wp:term":[{"taxonomy":"product_brand","embeddable":true,"href":"https:\/\/hoangthien.toidayhoc.com\/index.php\/wp-json\/wp\/v2\/product_brand?post=138"},{"taxonomy":"product_cat","embeddable":true,"href":"https:\/\/hoangthien.toidayhoc.com\/index.php\/wp-json\/wp\/v2\/product_cat?post=138"},{"taxonomy":"product_tag","embeddable":true,"href":"https:\/\/hoangthien.toidayhoc.com\/index.php\/wp-json\/wp\/v2\/product_tag?post=138"}],"curies":[{"name":"wp","href":"https:\/\/api.w.org\/{rel}","templated":true}]}}