{"id":130,"date":"2025-08-29T14:27:15","date_gmt":"2025-08-29T14:27:15","guid":{"rendered":"https:\/\/hoangthien.toidayhoc.com\/?post_type=product&#038;p=130"},"modified":"2025-08-29T14:27:15","modified_gmt":"2025-08-29T14:27:15","slug":"ao-co-tru-polo-nam-chat-vai-lua-cao-cap","status":"publish","type":"product","link":"https:\/\/hoangthien.toidayhoc.com\/index.php\/product\/ao-co-tru-polo-nam-chat-vai-lua-cao-cap\/","title":{"rendered":"\u00c1O C\u1ed4 TR\u1ee4 POLO NAM CH\u1ea4T V\u1ea2I L\u1ee4A CAO C\u1ea4P"},"content":{"rendered":"<h3 data-start=\"214\" data-end=\"286\"><strong data-start=\"218\" data-end=\"286\">\u00c1o Polo C\u1ed5 Tr\u1ee5 L\u1ee5a Cao C\u1ea5p \u2013 \u0110\u1ecbnh H\u00ecnh Phong C\u00e1ch Doanh Nh\u00e2n Tr\u1ebb<\/strong><\/h3>\n<p data-start=\"288\" data-end=\"522\"><strong data-start=\"288\" data-end=\"355\">\u0110\u1eb3ng c\u1ea5p kh\u00f4ng n\u1eb1m \u1edf s\u1ef1 ph\u00f4 tr\u01b0\u01a1ng, m\u00e0 n\u1eb1m trong t\u1eebng chi ti\u1ebft.<\/strong> V\u00e0 chi\u1ebfc \u00e1o polo c\u1ed5 tr\u1ee5 n\u00e0y ch\u00ednh l\u00e0 minh ch\u1ee9ng ho\u00e0n h\u1ea3o cho \u0111i\u1ec1u \u0111\u00f3 \u2013 m\u1ed9t thi\u1ebft k\u1ebf d\u00e0nh ri\u00eang cho nh\u1eefng ng\u01b0\u1eddi \u0111\u00e0n \u00f4ng hi\u1ec7n \u0111\u1ea1i, th\u00e0nh \u0111\u1ea1t v\u00e0 mang c\u00e1 t\u00ednh ri\u00eang bi\u1ec7t.<\/p>\n<hr data-start=\"524\" data-end=\"527\" \/>\n<h4 data-start=\"529\" data-end=\"596\"><strong data-start=\"534\" data-end=\"596\">Ch\u1ea5t li\u1ec7u \u2013 L\u1ee5a cao c\u1ea5p: M\u01b0\u1ee3t m\u00e0 \u2013 Tho\u00e1ng m\u00e1t \u2013 Sang tr\u1ecdng<\/strong><\/h4>\n<p data-start=\"598\" data-end=\"962\">Chi\u1ebfc \u00e1o \u0111\u01b0\u1ee3c ch\u1ebf t\u00e1c t\u1eeb <strong data-start=\"623\" data-end=\"642\">l\u1ee5a d\u1ec7t cao c\u1ea5p<\/strong>, c\u00f3 \u0111\u1ed9 b\u00f3ng nh\u1eb9 t\u1ef1 nhi\u00ean, v\u1eeba \u0111\u1ee7 \u0111\u1ec3 t\u1ea1o n\u00ean c\u1ea3m gi\u00e1c <strong data-start=\"696\" data-end=\"722\">sang tr\u1ecdng v\u00e0 l\u1ecbch l\u00e3m<\/strong>, nh\u01b0ng v\u1eabn gi\u1eef \u0111\u01b0\u1ee3c s\u1ef1 <strong data-start=\"746\" data-end=\"775\">tinh t\u1ebf, kh\u00f4ng ph\u00f4 tr\u01b0\u01a1ng<\/strong>. Ch\u1ea1m v\u00e0o l\u00e0 c\u1ea3m nh\u1eadn ngay \u0111\u01b0\u1ee3c <strong data-start=\"808\" data-end=\"825\">\u0111\u1ed9 m\u1ecbn, \u0111\u1ed9 r\u1ee7<\/strong> v\u00e0 <strong data-start=\"829\" data-end=\"862\">kh\u1ea3 n\u0103ng tho\u00e1ng kh\u00ed tuy\u1ec7t v\u1eddi<\/strong> \u2013 m\u1ed9t l\u1ef1a ch\u1ecdn l\u00fd t\u01b0\u1edfng cho nh\u1eefng ng\u00e0y l\u00e0m vi\u1ec7c n\u0103ng \u0111\u1ed9ng hay nh\u1eefng bu\u1ed5i g\u1eb7p g\u1ee1 \u0111\u1ed1i t\u00e1c quan tr\u1ecdng.<\/p>\n<hr data-start=\"964\" data-end=\"967\" \/>\n<h4 data-start=\"969\" data-end=\"1032\"><strong data-start=\"974\" data-end=\"1032\">Thi\u1ebft k\u1ebf \u2013 C\u1ed5 tr\u1ee5 b\u1ea3n nh\u1ecf: T\u1ed1i gi\u1ea3n nh\u01b0ng \u0111\u1ea7y kh\u00ed ch\u1ea5t<\/strong><\/h4>\n<p data-start=\"1034\" data-end=\"1327\">Ph\u1ea7n c\u1ed5 \u00e1o \u0111\u01b0\u1ee3c thi\u1ebft k\u1ebf d\u1ea1ng <strong data-start=\"1064\" data-end=\"1085\">c\u1ed5 tr\u1ee5 thanh l\u1ecbch<\/strong>, mang \u0111\u1eadm d\u1ea5u \u1ea5n c\u1ed5 \u0111i\u1ec3n nh\u01b0ng \u0111\u01b0\u1ee3c c\u00e1ch t\u00e2n v\u1edbi form <strong data-start=\"1140\" data-end=\"1151\">b\u1ea3n nh\u1ecf<\/strong>, \u00f4m nh\u1eb9 v\u00f9ng c\u1ed5, t\u1ea1o n\u00ean di\u1ec7n m\u1ea1o <strong data-start=\"1186\" data-end=\"1208\">g\u1ecdn g\u00e0ng, hi\u1ec7n \u0111\u1ea1i<\/strong>. Kh\u00f4ng qu\u00e1 c\u1ee9ng nh\u1eafc nh\u01b0 s\u01a1 mi, nh\u01b0ng v\u1eabn gi\u1eef \u0111\u01b0\u1ee3c v\u1ebb <strong data-start=\"1263\" data-end=\"1291\">ch\u1eefng ch\u1ea1c v\u00e0 nghi\u00eam t\u00fac<\/strong> c\u1ea7n c\u00f3 cho ng\u01b0\u1eddi \u0111\u00e0n \u00f4ng th\u00e0nh \u0111\u1ea1t.<\/p>\n<hr data-start=\"1329\" data-end=\"1332\" \/>\n<h4 data-start=\"1334\" data-end=\"1401\"><strong data-start=\"1339\" data-end=\"1401\">Phom d\u00e1ng \u2013 \u00d4m g\u1ecdn t\u00f4n v\u00f3c d\u00e1ng: Th\u1ec3 hi\u1ec7n b\u1ea3n l\u0129nh c\u00e1 nh\u00e2n<\/strong><\/h4>\n<p data-start=\"1403\" data-end=\"1681\">Form \u00e1o \u0111\u01b0\u1ee3c c\u1eaft may <strong data-start=\"1424\" data-end=\"1455\">\u00f4m g\u1ecdn ph\u1ea7n ng\u1ef1c, vai v\u00e0 eo<\/strong>, kh\u00e9o l\u00e9o t\u00f4n l\u00ean <strong data-start=\"1474\" data-end=\"1509\">th\u00e2n h\u00ecnh v\u1ea1m v\u1ee1, body s\u0103n ch\u1eafc<\/strong> c\u1ee7a ng\u01b0\u1eddi m\u1eb7c. \u0110\u00e2y l\u00e0 s\u1ef1 l\u1ef1a ch\u1ecdn ho\u00e0n h\u1ea3o cho nh\u1eefng ai mu\u1ed1n <strong data-start=\"1571\" data-end=\"1620\">th\u1ec3 hi\u1ec7n s\u1ef1 t\u1ef1 tin, b\u1ea3n l\u0129nh v\u00e0 c\u00e1 t\u00ednh ri\u00eang<\/strong> \u2013 d\u00f9 trong m\u00f4i tr\u01b0\u1eddng c\u00f4ng s\u1edf hay nh\u1eefng bu\u1ed5i g\u1eb7p g\u1ee1 x\u00e3 giao.<\/p>\n<hr data-start=\"1683\" data-end=\"1686\" \/>\n<h4 data-start=\"1688\" data-end=\"1745\"><strong data-start=\"1693\" data-end=\"1745\">Chi ti\u1ebft tinh t\u1ebf \u2013 T\u1ed1i gi\u1ea3n nh\u01b0ng kh\u00f4ng \u0111\u01a1n \u0111i\u1ec7u<\/strong><\/h4>\n<ul data-start=\"1747\" data-end=\"2081\">\n<li data-start=\"1747\" data-end=\"1820\">\n<p data-start=\"1749\" data-end=\"1820\"><strong data-start=\"1749\" data-end=\"1770\">\u0110\u01b0\u1eddng may s\u1eafc s\u1ea3o<\/strong>, li\u1ec1n m\u1ea1ch, t\u1ea1o n\u00ean t\u1ed5ng th\u1ec3 li\u1ec1n l\u1ea1c, cao c\u1ea5p.<\/p>\n<\/li>\n<li data-start=\"1821\" data-end=\"1955\">\n<p data-start=\"1823\" data-end=\"1955\"><strong data-start=\"1823\" data-end=\"1847\">N\u00fat \u00e1o \u0111\u01b0\u1ee3c ch\u1ecdn l\u1ecdc<\/strong>, l\u00e0m t\u1eeb nh\u1ef1a sinh h\u1ecdc ho\u1eb7c v\u1ecf trai b\u00f3ng m\u1edd, nh\u1ecf g\u1ecdn, \u0111\u00ednh ch\u1eafc ch\u1eafn \u2013 nh\u01b0 m\u1ed9t l\u1eddi tuy\u00ean ng\u00f4n v\u1ec1 \u0111\u1eb3ng c\u1ea5p.<\/p>\n<\/li>\n<li data-start=\"1956\" data-end=\"2081\">\n<p data-start=\"1958\" data-end=\"2081\"><strong data-start=\"1958\" data-end=\"1975\">Logo (n\u1ebfu c\u00f3)<\/strong> \u0111\u01b0\u1ee3c th\u00eau tone-sur-tone ho\u1eb7c ph\u1ed1i m\u00e0u ch\u00ecm \u2013 gi\u1eef s\u1ef1 t\u1ed1i gi\u1ea3n nh\u01b0ng v\u1eabn \u0111\u1ee7 nh\u1eadn di\u1ec7n \u0111\u1eb3ng c\u1ea5p th\u01b0\u01a1ng hi\u1ec7u.<\/p>\n<\/li>\n<\/ul>\n","protected":false},"excerpt":{"rendered":"<h3 data-start=\"214\" data-end=\"286\"><strong data-start=\"218\" data-end=\"286\">\u00c1o Polo C\u1ed5 Tr\u1ee5 L\u1ee5a Cao C\u1ea5p \u2013 \u0110\u1ecbnh H\u00ecnh Phong C\u00e1ch Doanh Nh\u00e2n Tr\u1ebb<\/strong><\/h3>\n<p data-start=\"288\" data-end=\"522\"><strong data-start=\"288\" data-end=\"355\">\u0110\u1eb3ng c\u1ea5p kh\u00f4ng n\u1eb1m \u1edf s\u1ef1 ph\u00f4 tr\u01b0\u01a1ng, m\u00e0 n\u1eb1m trong t\u1eebng chi ti\u1ebft.<\/strong> V\u00e0 chi\u1ebfc \u00e1o polo c\u1ed5 tr\u1ee5 n\u00e0y ch\u00ednh l\u00e0 minh ch\u1ee9ng ho\u00e0n h\u1ea3o cho \u0111i\u1ec1u \u0111\u00f3 \u2013 m\u1ed9t thi\u1ebft k\u1ebf d\u00e0nh ri\u00eang cho nh\u1eefng ng\u01b0\u1eddi \u0111\u00e0n \u00f4ng hi\u1ec7n \u0111\u1ea1i, th\u00e0nh \u0111\u1ea1t v\u00e0 mang c\u00e1 t\u00ednh ri\u00eang bi<\/p>\n","protected":false},"featured_media":131,"comment_status":"open","ping_status":"closed","template":"","meta":[],"product_brand":[],"product_cat":[15],"product_tag":[],"class_list":{"0":"post-130","1":"product","2":"type-product","3":"status-publish","4":"has-post-thumbnail","6":"product_cat-uncategorized","8":"first","9":"instock","10":"shipping-taxable","11":"purchasable","12":"product-type-simple"},"_links":{"self":[{"href":"https:\/\/hoangthien.toidayhoc.com\/index.php\/wp-json\/wp\/v2\/product\/130","targetHints":{"allow":["GET"]}}],"collection":[{"href":"https:\/\/hoangthien.toidayhoc.com\/index.php\/wp-json\/wp\/v2\/product"}],"about":[{"href":"https:\/\/hoangthien.toidayhoc.com\/index.php\/wp-json\/wp\/v2\/types\/product"}],"replies":[{"embeddable":true,"href":"https:\/\/hoangthien.toidayhoc.com\/index.php\/wp-json\/wp\/v2\/comments?post=130"}],"wp:featuredmedia":[{"embeddable":true,"href":"https:\/\/hoangthien.toidayhoc.com\/index.php\/wp-json\/wp\/v2\/media\/131"}],"wp:attachment":[{"href":"https:\/\/hoangthien.toidayhoc.com\/index.php\/wp-json\/wp\/v2\/media?parent=130"}],"wp:term":[{"taxonomy":"product_brand","embeddable":true,"href":"https:\/\/hoangthien.toidayhoc.com\/index.php\/wp-json\/wp\/v2\/product_brand?post=130"},{"taxonomy":"product_cat","embeddable":true,"href":"https:\/\/hoangthien.toidayhoc.com\/index.php\/wp-json\/wp\/v2\/product_cat?post=130"},{"taxonomy":"product_tag","embeddable":true,"href":"https:\/\/hoangthien.toidayhoc.com\/index.php\/wp-json\/wp\/v2\/product_tag?post=130"}],"curies":[{"name":"wp","href":"https:\/\/api.w.org\/{rel}","templated":true}]}}