{"id":111,"date":"2025-08-29T03:39:49","date_gmt":"2025-08-29T03:39:49","guid":{"rendered":"https:\/\/hoangthien.toidayhoc.com\/?post_type=product&#038;p=111"},"modified":"2025-08-29T03:39:49","modified_gmt":"2025-08-29T03:39:49","slug":"ao-thun-co-tron-in-hoa-tiec-voi-chat-vai-100-cotton","status":"publish","type":"product","link":"https:\/\/hoangthien.toidayhoc.com\/index.php\/product\/ao-thun-co-tron-in-hoa-tiec-voi-chat-vai-100-cotton\/","title":{"rendered":"\u00c1O THUN C\u1ed4 TR\u00d2N IN HO\u1ea0 TI\u1ebeC V\u1edaI CH\u1ea4T V\u1ea2I 100% COTTON"},"content":{"rendered":"<p data-start=\"80\" data-end=\"140\"><strong data-start=\"80\" data-end=\"140\">\u00c1o thun nam in h\u1ecda ti\u1ebft \u2013 Cotton 100%, phom r\u1ed9ng c\u00e1 t\u00ednh<\/strong><\/p>\n<p data-start=\"142\" data-end=\"477\">Chi\u1ebfc \u00e1o thun in h\u1ecda ti\u1ebft \u0111\u01b0\u1ee3c thi\u1ebft k\u1ebf d\u00e0nh ri\u00eang cho nh\u1eefng ch\u00e0ng trai y\u00eau th\u00edch phong c\u00e1ch <strong data-start=\"235\" data-end=\"260\">b\u1ee5i b\u1eb7m, ph\u00f3ng kho\u00e1ng<\/strong> v\u00e0 \u0111\u1eadm ch\u1ea5t <strong data-start=\"273\" data-end=\"287\">streetwear<\/strong>. S\u1eed d\u1ee5ng <strong data-start=\"297\" data-end=\"331\">ch\u1ea5t li\u1ec7u 100% cotton t\u1ef1 nhi\u00ean<\/strong>, \u00e1o mang l\u1ea1i c\u1ea3m gi\u00e1c <strong data-start=\"354\" data-end=\"378\">m\u00e1t m\u1ebb, th\u1ea5m h\u00fat t\u1ed1t<\/strong> v\u00e0 c\u1ef1c k\u1ef3 d\u1ec5 ch\u1ecbu khi m\u1eb7c \u2013 l\u00fd t\u01b0\u1edfng cho c\u00e1c ho\u1ea1t \u0111\u1ed9ng ngo\u00e0i tr\u1eddi, du l\u1ecbch hay c\u00e0 ph\u00ea c\u00f9ng b\u1ea1n b\u00e8.<\/p>\n<p data-start=\"479\" data-end=\"681\"><strong data-start=\"479\" data-end=\"507\">Phom r\u1ed9ng r\u00e3i, tho\u1ea3i m\u00e1i<\/strong>, kh\u00f4ng g\u00f2 b\u00f3, gi\u00fap ng\u01b0\u1eddi m\u1eb7c d\u1ec5 d\u00e0ng th\u1ec3 hi\u1ec7n c\u00e1 t\u00ednh v\u00e0 s\u1ef1 t\u1ef1 tin. C\u00e1c \u0111\u01b0\u1eddng may \u0111\u01b0\u1ee3c gia c\u00f4ng ch\u1eafc ch\u1eafn, t\u1ec9 m\u1ec9, \u0111\u1ea3m b\u1ea3o \u0111\u1ed9 b\u1ec1n cao khi v\u1eadn \u0111\u1ed9ng m\u1ea1nh ho\u1eb7c m\u1eb7c th\u01b0\u1eddng xuy\u00ean.<\/p>\n<p data-start=\"683\" data-end=\"934\">\u0110i\u1ec3m nh\u1ea5n c\u1ee7a \u00e1o l\u00e0 <strong data-start=\"703\" data-end=\"735\">h\u1ecda ti\u1ebft in \u0111\u1ed9c \u0111\u00e1o, n\u1ed5i b\u1eadt<\/strong>, g\u00f3p ph\u1ea7n t\u1ea1o n\u00ean phong c\u00e1ch <strong data-start=\"765\" data-end=\"801\">&#8220;n\u1ed5i b\u1eadt \u2013 b\u1ee5i b\u1eb7m \u2013 ch\u1ea5t ri\u00eang&#8221;<\/strong>. D\u00f9 l\u00e0 h\u1ecda ti\u1ebft tr\u1eebu t\u01b0\u1ee3ng, graphic hi\u1ec7n \u0111\u1ea1i hay slogan c\u00e1 t\u00ednh, chi\u1ebfc \u00e1o \u0111\u1ec1u mang \u0111\u1ebfn m\u1ed9t di\u1ec7n m\u1ea1o thu h\u00fat, kh\u00f4ng l\u1eabn v\u00e0o \u0111\u00e2u \u0111\u01b0\u1ee3c.<\/p>\n<p data-start=\"936\" data-end=\"1113\">D\u1ec5 d\u00e0ng ph\u1ed1i c\u00f9ng qu\u1ea7n short, jogger, jeans r\u00e1ch hay ph\u1ee5 ki\u1ec7n nh\u01b0 m\u0169 l\u01b0\u1ee1i trai, t\u00fai ch\u00e9o, t\u1ea1o n\u00ean <strong data-start=\"1034\" data-end=\"1052\">outfit ch\u1ea5t l\u1eeb<\/strong> cho c\u00e1c bu\u1ed5i \u0111i ch\u01a1i, d\u1ea1o ph\u1ed1, du l\u1ecbch hay c\u00e0 ph\u00ea cu\u1ed1i tu\u1ea7<\/p>\n","protected":false},"excerpt":{"rendered":"<p data-start=\"80\" data-end=\"140\"><strong data-start=\"80\" data-end=\"140\">\u00c1o thun nam in h\u1ecda ti\u1ebft \u2013 Cotton 100%, phom r\u1ed9ng c\u00e1 t\u00ednh<\/strong><\/p>\n<p data-start=\"142\" data-end=\"477\">Chi\u1ebfc \u00e1o thun in h\u1ecda ti\u1ebft \u0111\u01b0\u1ee3c thi\u1ebft k\u1ebf d\u00e0nh ri\u00eang cho nh\u1eefng ch\u00e0ng trai y\u00eau th\u00edch phong c\u00e1ch <strong data-start=\"235\" data-end=\"260\">b\u1ee5i b\u1eb7m, ph\u00f3ng kho\u00e1ng<\/strong> v\u00e0 \u0111\u1eadm ch\u1ea5t <strong data-start=\"273\" data-end=\"287\">streetwear<\/strong>. S\u1eed d\u1ee5ng <strong data-start=\"297\" data-end=\"331\">ch\u1ea5t li\u1ec7u 100% cotton t\u1ef1 nhi\u00ean<\/strong>, \u00e1o mang l\u1ea1i c\u1ea3m gi\u00e1c <strong data-start=\"354\" data-end=\"378\">m\u00e1t m\u1ebb, th\u1ea5m h\u00fat t\u1ed1t<\/strong> v\u00e0 c\u1ef1c k\u1ef3 d\u1ec5 ch\u1ecbu khi m\u1eb7c \u2013 l\u00fd t\u01b0\u1edfng cho c\u00e1c ho\u1ea1t \u0111\u1ed9ng ngo\u00e0i tr\u1eddi, du l\u1ecbch hay c\u00e0 ph\u00ea c\u00f9ng b\u1ea1n b\u00e8.<\/p>\n<p data-start=\"479\" data-end=\"681\">\n","protected":false},"featured_media":112,"comment_status":"open","ping_status":"closed","template":"","meta":[],"product_brand":[],"product_cat":[15],"product_tag":[],"class_list":{"0":"post-111","1":"product","2":"type-product","3":"status-publish","4":"has-post-thumbnail","6":"product_cat-uncategorized","8":"first","9":"instock","10":"shipping-taxable","11":"purchasable","12":"product-type-simple"},"_links":{"self":[{"href":"https:\/\/hoangthien.toidayhoc.com\/index.php\/wp-json\/wp\/v2\/product\/111","targetHints":{"allow":["GET"]}}],"collection":[{"href":"https:\/\/hoangthien.toidayhoc.com\/index.php\/wp-json\/wp\/v2\/product"}],"about":[{"href":"https:\/\/hoangthien.toidayhoc.com\/index.php\/wp-json\/wp\/v2\/types\/product"}],"replies":[{"embeddable":true,"href":"https:\/\/hoangthien.toidayhoc.com\/index.php\/wp-json\/wp\/v2\/comments?post=111"}],"wp:featuredmedia":[{"embeddable":true,"href":"https:\/\/hoangthien.toidayhoc.com\/index.php\/wp-json\/wp\/v2\/media\/112"}],"wp:attachment":[{"href":"https:\/\/hoangthien.toidayhoc.com\/index.php\/wp-json\/wp\/v2\/media?parent=111"}],"wp:term":[{"taxonomy":"product_brand","embeddable":true,"href":"https:\/\/hoangthien.toidayhoc.com\/index.php\/wp-json\/wp\/v2\/product_brand?post=111"},{"taxonomy":"product_cat","embeddable":true,"href":"https:\/\/hoangthien.toidayhoc.com\/index.php\/wp-json\/wp\/v2\/product_cat?post=111"},{"taxonomy":"product_tag","embeddable":true,"href":"https:\/\/hoangthien.toidayhoc.com\/index.php\/wp-json\/wp\/v2\/product_tag?post=111"}],"curies":[{"name":"wp","href":"https:\/\/api.w.org\/{rel}","templated":true}]}}