{"id":107,"date":"2025-08-29T03:08:14","date_gmt":"2025-08-29T03:08:14","guid":{"rendered":"https:\/\/hoangthien.toidayhoc.com\/?post_type=product&#038;p=107"},"modified":"2025-08-29T03:08:14","modified_gmt":"2025-08-29T03:08:14","slug":"ao-thun-co-tron-tron-nam-chat-vai-100-cotton","status":"publish","type":"product","link":"https:\/\/hoangthien.toidayhoc.com\/index.php\/product\/ao-thun-co-tron-tron-nam-chat-vai-100-cotton\/","title":{"rendered":"\u00c1O THUN C\u1ed4 TR\u00d2N TR\u01a0N NAM CH\u1ea4T V\u1ea2I 100% COTTON"},"content":{"rendered":"<p data-start=\"85\" data-end=\"144\"><strong data-start=\"85\" data-end=\"144\">\u00c1o thun nam tr\u01a1n c\u1ed5 tr\u00f2n \u2013 V\u1ea3i cotton 100%, phom Baysis<\/strong><\/p>\n<p data-start=\"146\" data-end=\"431\">Chi\u1ebfc \u00e1o thun nam tr\u01a1n c\u1ed5 tr\u00f2n \u0111\u01b0\u1ee3c thi\u1ebft k\u1ebf t\u1ed1i gi\u1ea3n nh\u01b0ng \u0111\u1ea7y tinh t\u1ebf, l\u00e0 l\u1ef1a ch\u1ecdn ho\u00e0n h\u1ea3o cho phong c\u00e1ch s\u1ed1ng hi\u1ec7n \u0111\u1ea1i. S\u1ea3n ph\u1ea9m s\u1eed d\u1ee5ng <strong data-start=\"287\" data-end=\"320\">ch\u1ea5t li\u1ec7u cotton 100% cao c\u1ea5p<\/strong>, mang l\u1ea1i c\u1ea3m gi\u00e1c <strong data-start=\"340\" data-end=\"386\">m\u1ec1m m\u1ea1i, tho\u00e1ng m\u00e1t v\u00e0 th\u1ea5m h\u00fat m\u1ed3 h\u00f4i t\u1ed1t<\/strong>, ph\u00f9 h\u1ee3p v\u1edbi m\u1ecdi lo\u1ea1i da, k\u1ec3 c\u1ea3 da nh\u1ea1y c\u1ea3m.<\/p>\n<p data-start=\"433\" data-end=\"658\"><strong data-start=\"433\" data-end=\"461\">Phom \u00e1o Baysis tho\u1ea3i m\u00e1i<\/strong>, \u0111\u01b0\u1ee3c c\u1eaft may t\u1ec9 m\u1ec9 \u0111\u1ec3 t\u1ea1o n\u00ean form d\u00e1ng v\u1eeba v\u1eb7n, gi\u00fap ng\u01b0\u1eddi m\u1eb7c d\u1ec5 d\u00e0ng v\u1eadn \u0111\u1ed9ng m\u00e0 v\u1eabn gi\u1eef \u0111\u01b0\u1ee3c s\u1ef1 ch\u1ec9n chu. C\u1ed5 tr\u00f2n c\u01a1 b\u1ea3n, \u00f4m nh\u1eb9 nh\u01b0ng kh\u00f4ng g\u00e2y kh\u00f3 ch\u1ecbu, ph\u00f9 h\u1ee3p v\u1edbi m\u1ecdi v\u00f3c d\u00e1ng v\u00e0 \u0111\u1ed9 tu\u1ed5i.<\/p>\n<p data-start=\"660\" data-end=\"907\">Tuy \u0111\u01a1n gi\u1ea3n v\u1ec1 thi\u1ebft k\u1ebf, nh\u01b0ng \u00e1o v\u1eabn to\u00e1t l\u00ean v\u1ebb <strong data-start=\"711\" data-end=\"737\">sang tr\u1ecdng v\u00e0 l\u1ecbch l\u00e3m<\/strong>, d\u1ec5 d\u00e0ng ph\u1ed1i h\u1ee3p v\u1edbi nhi\u1ec1u trang ph\u1ee5c kh\u00e1c nhau \u2013 t\u1eeb qu\u1ea7n jeans, kaki cho \u0111\u1ebfn blazer, t\u1ea1o n\u00ean nhi\u1ec1u phong c\u00e1ch kh\u00e1c nhau: tr\u1ebb trung, n\u0103ng \u0111\u1ed9ng hay thanh l\u1ecbch, nh\u00e3 nh\u1eb7n.<\/p>\n","protected":false},"excerpt":{"rendered":"<p>Chi\u1ebfc \u00e1o thun c\u1ed5 tr\u00f2n tr\u01a1n v\u1edbi ch\u1ea5t v\u1ea3i 100% cotton . l\u00e0 m\u1ed9t chi\u1ebfc \u00e1o tuy \u0111\u01a1n gi\u1ea3ng nh\u01b0ng khi k\u1ebft h\u1ee3p v\u1edbi 1 chi\u1ebfc qu\u1ea7n tay. kaki hay rean n\u00f3 s\u1ebb l\u00e0m cho b\u1ea1n v\u1ebb b\u00ean ngo\u00e0i r\u1ea5t l\u1ecbch l\u00e3m sang tr\u1ecdng v\u00e0 \u0111\u1ea7y nam t\u00ednh<\/p>\n","protected":false},"featured_media":108,"comment_status":"open","ping_status":"closed","template":"","meta":[],"product_brand":[],"product_cat":[15],"product_tag":[],"class_list":{"0":"post-107","1":"product","2":"type-product","3":"status-publish","4":"has-post-thumbnail","6":"product_cat-uncategorized","8":"first","9":"instock","10":"shipping-taxable","11":"purchasable","12":"product-type-simple"},"_links":{"self":[{"href":"https:\/\/hoangthien.toidayhoc.com\/index.php\/wp-json\/wp\/v2\/product\/107","targetHints":{"allow":["GET"]}}],"collection":[{"href":"https:\/\/hoangthien.toidayhoc.com\/index.php\/wp-json\/wp\/v2\/product"}],"about":[{"href":"https:\/\/hoangthien.toidayhoc.com\/index.php\/wp-json\/wp\/v2\/types\/product"}],"replies":[{"embeddable":true,"href":"https:\/\/hoangthien.toidayhoc.com\/index.php\/wp-json\/wp\/v2\/comments?post=107"}],"wp:featuredmedia":[{"embeddable":true,"href":"https:\/\/hoangthien.toidayhoc.com\/index.php\/wp-json\/wp\/v2\/media\/108"}],"wp:attachment":[{"href":"https:\/\/hoangthien.toidayhoc.com\/index.php\/wp-json\/wp\/v2\/media?parent=107"}],"wp:term":[{"taxonomy":"product_brand","embeddable":true,"href":"https:\/\/hoangthien.toidayhoc.com\/index.php\/wp-json\/wp\/v2\/product_brand?post=107"},{"taxonomy":"product_cat","embeddable":true,"href":"https:\/\/hoangthien.toidayhoc.com\/index.php\/wp-json\/wp\/v2\/product_cat?post=107"},{"taxonomy":"product_tag","embeddable":true,"href":"https:\/\/hoangthien.toidayhoc.com\/index.php\/wp-json\/wp\/v2\/product_tag?post=107"}],"curies":[{"name":"wp","href":"https:\/\/api.w.org\/{rel}","templated":true}]}}