{"id":103,"date":"2025-08-28T04:06:32","date_gmt":"2025-08-28T04:06:32","guid":{"rendered":"https:\/\/hoangthien.toidayhoc.com\/?post_type=product&#038;p=103"},"modified":"2025-08-28T04:15:52","modified_gmt":"2025-08-28T04:15:52","slug":"ao-khoac-hottdi-cho-moi-nguoi","status":"publish","type":"product","link":"https:\/\/hoangthien.toidayhoc.com\/index.php\/product\/ao-khoac-hottdi-cho-moi-nguoi\/","title":{"rendered":"\u00c1o kho\u00e1c hottdi cho m\u1ecdi ng\u01b0\u1eddi"},"content":{"rendered":"<p data-start=\"125\" data-end=\"176\"><strong data-start=\"125\" data-end=\"176\">\u00c1o Kho\u00e1c HOTTDI \u2013 Item &#8220;must-have&#8221; cho m\u1ecdi nh\u00e0!<\/strong><\/p>\n<p data-start=\"178\" data-end=\"282\">D\u00f9 n\u1eafng g\u1eaft hay gi\u00f3 b\u1ee5i, ch\u1ec9 c\u1ea7n kho\u00e1c l\u00ean m\u00ecnh <strong data-start=\"226\" data-end=\"245\">\u00e1o kho\u00e1c HOTTDI<\/strong>, b\u1ea1n \u0111\u00e3 s\u1eb5n s\u00e0ng cho m\u1ecdi h\u00e0nh tr\u00ecnh!<\/p>\n<p data-start=\"284\" data-end=\"694\">\u2600\ufe0f <strong data-start=\"287\" data-end=\"308\">Ch\u1ed1ng n\u1eafng t\u1ed1i \u01b0u<\/strong> \u2013 B\u1ea3o v\u1ec7 l\u00e0n da tr\u01b0\u1edbc tia UV \u0111\u1ed9c h\u1ea1i<br data-start=\"345\" data-end=\"348\" \/>\ud83c\udf2c\ufe0f <strong data-start=\"352\" data-end=\"374\">Ch\u1ed1ng b\u1ee5i, \u00f4 nhi\u1ec5m<\/strong> \u2013 L\u1edbp v\u1ea3i ch\u1eafn gi\u00f3, ng\u0103n b\u1ee5i hi\u1ec7u qu\u1ea3 khi di chuy\u1ec3n ngo\u00e0i \u0111\u01b0\u1eddng<br data-start=\"438\" data-end=\"441\" \/>\u2744\ufe0f <strong data-start=\"444\" data-end=\"484\">Tho\u00e1ng m\u00e1t ng\u00e0y h\u00e8 \u2013 \u1ea4m \u00e1p ng\u00e0y \u0111\u00f4ng<\/strong> \u2013 Ch\u1ea5t li\u1ec7u th\u00f4ng minh th\u00edch \u1ee9ng v\u1edbi th\u1eddi ti\u1ebft<br data-start=\"531\" data-end=\"534\" \/>\ud83e\udde5 <strong data-start=\"537\" data-end=\"569\">Phom d\u00e1ng n\u0103ng \u0111\u1ed9ng, c\u00e1 t\u00ednh<\/strong> \u2013 Thi\u1ebft k\u1ebf tr\u1ebb trung, unisex, d\u1ec5 ph\u1ed1i \u0111\u1ed3<br data-start=\"610\" data-end=\"613\" \/>\ud83d\udcbc <strong data-start=\"616\" data-end=\"641\">Ph\u00f9 h\u1ee3p m\u1ecdi ho\u00e0n c\u1ea3nh<\/strong> \u2013 \u0110i h\u1ecdc, \u0111i l\u00e0m, \u0111i ch\u01a1i hay th\u1ec3 thao \u0111\u1ec1u tho\u1ea3i m\u00e1i<\/p>\n<p data-start=\"696\" data-end=\"829\">Kh\u00f4ng ch\u1ec9 l\u00e0 \u00e1o kho\u00e1c, HOTTDI l\u00e0 <strong data-start=\"729\" data-end=\"751\">\u201cl\u1edbp khi\u00ean b\u1ea3o v\u1ec7\u201d<\/strong> cho b\u1ea1n tr\u00ean m\u1ecdi n\u1ebbo \u0111\u01b0\u1eddng.<br data-start=\"779\" data-end=\"782\" \/>Ai c\u0169ng n\u00ean c\u00f3 \u00edt nh\u1ea5t <strong data-start=\"805\" data-end=\"828\">1 chi\u1ebfc trong t\u1ee7 \u0111\u1ed3<\/strong>!<\/p>\n","protected":false},"excerpt":{"rendered":"<p>\u00c1o kho\u00e1c hottdi b\u1ea3o v\u1ec7 cho b\u1ea1n kh\u1ecfi b\u1ee5i kh\u1ecfi n\u1eafng tho\u00e1n m\u00e1t khi m\u00f9a h\u00e8. \u1ea5m \u00e1p khi m\u00f9a \u0111\u00f4ng. phom \u00e1o phong c\u00e1ch m\u1ea1nh m\u1ebb hottren<\/p>\n<p>&nbsp;<\/p>\n","protected":false},"featured_media":102,"comment_status":"open","ping_status":"closed","template":"","meta":[],"product_brand":[],"product_cat":[15],"product_tag":[],"class_list":{"0":"post-103","1":"product","2":"type-product","3":"status-publish","4":"has-post-thumbnail","6":"product_cat-uncategorized","8":"first","9":"instock","10":"shipping-taxable","11":"purchasable","12":"product-type-simple"},"_links":{"self":[{"href":"https:\/\/hoangthien.toidayhoc.com\/index.php\/wp-json\/wp\/v2\/product\/103","targetHints":{"allow":["GET"]}}],"collection":[{"href":"https:\/\/hoangthien.toidayhoc.com\/index.php\/wp-json\/wp\/v2\/product"}],"about":[{"href":"https:\/\/hoangthien.toidayhoc.com\/index.php\/wp-json\/wp\/v2\/types\/product"}],"replies":[{"embeddable":true,"href":"https:\/\/hoangthien.toidayhoc.com\/index.php\/wp-json\/wp\/v2\/comments?post=103"}],"wp:featuredmedia":[{"embeddable":true,"href":"https:\/\/hoangthien.toidayhoc.com\/index.php\/wp-json\/wp\/v2\/media\/102"}],"wp:attachment":[{"href":"https:\/\/hoangthien.toidayhoc.com\/index.php\/wp-json\/wp\/v2\/media?parent=103"}],"wp:term":[{"taxonomy":"product_brand","embeddable":true,"href":"https:\/\/hoangthien.toidayhoc.com\/index.php\/wp-json\/wp\/v2\/product_brand?post=103"},{"taxonomy":"product_cat","embeddable":true,"href":"https:\/\/hoangthien.toidayhoc.com\/index.php\/wp-json\/wp\/v2\/product_cat?post=103"},{"taxonomy":"product_tag","embeddable":true,"href":"https:\/\/hoangthien.toidayhoc.com\/index.php\/wp-json\/wp\/v2\/product_tag?post=103"}],"curies":[{"name":"wp","href":"https:\/\/api.w.org\/{rel}","templated":true}]}}