{"id":8,"date":"2025-08-27T03:23:07","date_gmt":"2025-08-27T03:23:07","guid":{"rendered":"https:\/\/hoangthien.toidayhoc.com\/index.php\/cart\/"},"modified":"2025-08-27T04:23:32","modified_gmt":"2025-08-27T04:23:32","slug":"cart","status":"publish","type":"page","link":"https:\/\/hoangthien.toidayhoc.com\/index.php\/cart\/","title":{"rendered":"Cart"},"content":{"rendered":"\n<div data-block-name=\"woocommerce\/cart\" class=\"wp-block-woocommerce-cart alignwide is-loading\">\n<div data-block-name=\"woocommerce\/filled-cart-block\" class=\"wp-block-woocommerce-filled-cart-block\">\n<div data-block-name=\"woocommerce\/cart-items-block\" class=\"wp-block-woocommerce-cart-items-block\">\n<div data-block-name=\"woocommerce\/cart-line-items-block\" class=\"wp-block-woocommerce-cart-line-items-block\"><\/div>\n\n\n\n<div data-block-name=\"woocommerce\/cart-cross-sells-block\" class=\"wp-block-woocommerce-cart-cross-sells-block\">\n<h2 class=\"wp-block-heading has-large-font-size\">You may be interested in\u2026<\/h2>\n\n\n\n<div data-block-name=\"woocommerce\/cart-cross-sells-products-block\" class=\"wp-block-woocommerce-cart-cross-sells-products-block\"><\/div>\n<\/div>\n<\/div>\n\n\n\n<div data-block-name=\"woocommerce\/cart-totals-block\" class=\"wp-block-woocommerce-cart-totals-block\">\n<div data-block-name=\"woocommerce\/cart-order-summary-block\" class=\"wp-block-woocommerce-cart-order-summary-block\">\n<div data-block-name=\"woocommerce\/cart-order-summary-heading-block\" class=\"wp-block-woocommerce-cart-order-summary-heading-block\"><\/div><div data-block-name=\"woocommerce\/cart-order-summary-coupon-form-block\" class=\"wp-block-woocommerce-cart-order-summary-coupon-form-block\"><\/div><div data-block-name=\"woocommerce\/cart-order-summary-totals-block\" class=\"wp-block-woocommerce-cart-order-summary-totals-block\">\n<div data-block-name=\"woocommerce\/cart-order-summary-subtotal-block\" class=\"wp-block-woocommerce-cart-order-summary-subtotal-block\"><\/div>\n<div data-block-name=\"woocommerce\/cart-order-summary-discount-block\" class=\"wp-block-woocommerce-cart-order-summary-discount-block\"><\/div>\n<div data-block-name=\"woocommerce\/cart-order-summary-fee-block\" class=\"wp-block-woocommerce-cart-order-summary-fee-block\"><\/div>\n<div data-block-name=\"woocommerce\/cart-order-summary-shipping-block\" class=\"wp-block-woocommerce-cart-order-summary-shipping-block\"><\/div>\n<div data-block-name=\"woocommerce\/cart-order-summary-taxes-block\" class=\"wp-block-woocommerce-cart-order-summary-taxes-block\"><\/div><\/div>\n<\/div>\n\n\n\n<div data-block-name=\"woocommerce\/cart-express-payment-block\" class=\"wp-block-woocommerce-cart-express-payment-block\"><\/div>\n\n\n\n<div data-block-name=\"woocommerce\/proceed-to-checkout-block\" class=\"wp-block-woocommerce-proceed-to-checkout-block\"><\/div>\n\n\n\n<div data-block-name=\"woocommerce\/cart-accepted-payment-methods-block\" class=\"wp-block-woocommerce-cart-accepted-payment-methods-block\"><\/div>\n<\/div>\n<\/div>\n\n\n\n<div data-block-name=\"woocommerce\/empty-cart-block\" class=\"wp-block-woocommerce-empty-cart-block\">\n<h2 class=\"wp-block-heading has-text-align-center with-empty-cart-icon wc-block-cart__empty-cart__title\">Your cart is currently empty!<\/h2>\n\n\n\n<hr class=\"wp-block-separator has-alpha-channel-opacity is-style-dots\"\/>\n\n\n\n<h2 class=\"wp-block-heading has-text-align-center\">New in store<\/h2>\n\n\n<div data-block-name=\"woocommerce\/product-new\" data-columns=\"4\" data-rows=\"1\" class=\"wc-block-grid wp-block-product-new wp-block-woocommerce-product-new wc-block-product-new has-4-columns\"><ul class=\"wc-block-grid__products\"><li class=\"wc-block-grid__product\">\n\t\t\t\t<a href=\"https:\/\/hoangthien.toidayhoc.com\/index.php\/product\/do-bo-ni-dai-cho-mua-dong\/\" class=\"wc-block-grid__product-link\">\n\t\t\t\t\t\n\t\t\t\t\t<div class=\"wc-block-grid__product-image\"><img loading=\"lazy\" decoding=\"async\" width=\"300\" height=\"300\" src=\"https:\/\/hoangthien.toidayhoc.com\/wp-content\/uploads\/2025\/09\/do-bo-nam-dai-2-300x300.jpg\" class=\"attachment-woocommerce_thumbnail size-woocommerce_thumbnail\" alt=\"\u0110\u1ed2 B\u1ed8 N\u0128 D\u00c0I CHO M\u00d9A \u0110\u00d4NG\" srcset=\"https:\/\/hoangthien.toidayhoc.com\/wp-content\/uploads\/2025\/09\/do-bo-nam-dai-2-300x300.jpg 300w, https:\/\/hoangthien.toidayhoc.com\/wp-content\/uploads\/2025\/09\/do-bo-nam-dai-2-150x150.jpg 150w, https:\/\/hoangthien.toidayhoc.com\/wp-content\/uploads\/2025\/09\/do-bo-nam-dai-2-768x768.jpg 768w, https:\/\/hoangthien.toidayhoc.com\/wp-content\/uploads\/2025\/09\/do-bo-nam-dai-2-100x100.jpg 100w, https:\/\/hoangthien.toidayhoc.com\/wp-content\/uploads\/2025\/09\/do-bo-nam-dai-2-600x600.jpg 600w, https:\/\/hoangthien.toidayhoc.com\/wp-content\/uploads\/2025\/09\/do-bo-nam-dai-2.jpg 1024w\" sizes=\"auto, (max-width: 300px) 100vw, 300px\" \/><\/div>\n\t\t\t\t\t<div class=\"wc-block-grid__product-title\">\u0110\u1ed2 B\u1ed8 N\u0128 D\u00c0I CHO M\u00d9A \u0110\u00d4NG<\/div>\n\t\t\t\t<\/a>\n\t\t\t\t<div class=\"wc-block-grid__product-price price\"><span class=\"woocommerce-Price-amount amount\">250,000&nbsp;<span class=\"woocommerce-Price-currencySymbol\">&#8363;<\/span><\/span><\/div>\n\t\t\t\t\n\t\t\t\t<div class=\"wp-block-button wc-block-grid__product-add-to-cart\"><a href=\"\/index.php\/wp-json\/wp\/v2\/pages\/8?add-to-cart=412\" aria-label=\"Th\u00eam v\u00e0o gi\u1ecf h\u00e0ng: &ldquo;\u0110\u1ed2 B\u1ed8 N\u0128 D\u00c0I CHO M\u00d9A \u0110\u00d4NG&rdquo;\" data-quantity=\"1\" data-product_id=\"412\" data-product_sku=\"\" data-price=\"250000\" rel=\"nofollow\" class=\"wp-block-button__link  add_to_cart_button ajax_add_to_cart\">Th\u00eam v\u00e0o gi\u1ecf h\u00e0ng<\/a><\/div>\n\t\t\t<\/li><li class=\"wc-block-grid__product\">\n\t\t\t\t<a href=\"https:\/\/hoangthien.toidayhoc.com\/index.php\/product\/ao-hotdi-danh-cho-ca-nam-va-nu-chat-vai-ni-2-da-cao-cap\/\" class=\"wc-block-grid__product-link\">\n\t\t\t\t\t\n\t\t\t\t\t<div class=\"wc-block-grid__product-image\"><img loading=\"lazy\" decoding=\"async\" width=\"300\" height=\"300\" src=\"https:\/\/hoangthien.toidayhoc.com\/wp-content\/uploads\/2025\/09\/14-1-300x300.png\" class=\"attachment-woocommerce_thumbnail size-woocommerce_thumbnail\" alt=\"\u00c1O HOTDI D\u00c0NH CHO C\u1ea2 NAM V\u00c0 N\u1eee CH\u1ea4T V\u1ea2I N\u0128 2 DA CAO C\u1ea4P\" srcset=\"https:\/\/hoangthien.toidayhoc.com\/wp-content\/uploads\/2025\/09\/14-1-300x300.png 300w, https:\/\/hoangthien.toidayhoc.com\/wp-content\/uploads\/2025\/09\/14-1-150x150.png 150w, https:\/\/hoangthien.toidayhoc.com\/wp-content\/uploads\/2025\/09\/14-1-100x100.png 100w\" sizes=\"auto, (max-width: 300px) 100vw, 300px\" \/><\/div>\n\t\t\t\t\t<div class=\"wc-block-grid__product-title\">\u00c1O HOTDI D\u00c0NH CHO C\u1ea2 NAM V\u00c0 N\u1eee CH\u1ea4T V\u1ea2I N\u0128 2 DA CAO C\u1ea4P<\/div>\n\t\t\t\t<\/a>\n\t\t\t\t<div class=\"wc-block-grid__product-price price\"><span class=\"woocommerce-Price-amount amount\">150,000&nbsp;<span class=\"woocommerce-Price-currencySymbol\">&#8363;<\/span><\/span><\/div>\n\t\t\t\t\n\t\t\t\t<div class=\"wp-block-button wc-block-grid__product-add-to-cart\"><a href=\"\/index.php\/wp-json\/wp\/v2\/pages\/8?add-to-cart=404\" aria-label=\"Th\u00eam v\u00e0o gi\u1ecf h\u00e0ng: &ldquo;\u00c1O HOTDI D\u00c0NH CHO C\u1ea2 NAM V\u00c0 N\u1eee CH\u1ea4T V\u1ea2I N\u0128 2 DA CAO C\u1ea4P&rdquo;\" data-quantity=\"1\" data-product_id=\"404\" data-product_sku=\"\" data-price=\"150000\" rel=\"nofollow\" class=\"wp-block-button__link  add_to_cart_button ajax_add_to_cart\">Th\u00eam v\u00e0o gi\u1ecf h\u00e0ng<\/a><\/div>\n\t\t\t<\/li><li class=\"wc-block-grid__product\">\n\t\t\t\t<a href=\"https:\/\/hoangthien.toidayhoc.com\/index.php\/product\/quan-jean-nam-ong-dung-co-gian-thoai-mai-cho-ae-cong-so\/\" class=\"wc-block-grid__product-link\">\n\t\t\t\t\t\n\t\t\t\t\t<div class=\"wc-block-grid__product-image\"><img loading=\"lazy\" decoding=\"async\" width=\"300\" height=\"300\" src=\"https:\/\/hoangthien.toidayhoc.com\/wp-content\/uploads\/2025\/09\/2-1-300x300.png\" class=\"attachment-woocommerce_thumbnail size-woocommerce_thumbnail\" alt=\"QU\u1ea6N JEAN NAM \u1ed0NG \u0110\u1ee8NG  CO GI\u1ea2N THO\u1ea2I M\u00c1I CHO AE C\u00d4NG S\u1ede\" srcset=\"https:\/\/hoangthien.toidayhoc.com\/wp-content\/uploads\/2025\/09\/2-1-300x300.png 300w, https:\/\/hoangthien.toidayhoc.com\/wp-content\/uploads\/2025\/09\/2-1-150x150.png 150w, https:\/\/hoangthien.toidayhoc.com\/wp-content\/uploads\/2025\/09\/2-1-100x100.png 100w\" sizes=\"auto, (max-width: 300px) 100vw, 300px\" \/><\/div>\n\t\t\t\t\t<div class=\"wc-block-grid__product-title\">QU\u1ea6N JEAN NAM \u1ed0NG \u0110\u1ee8NG  CO GI\u1ea2N THO\u1ea2I M\u00c1I CHO AE C\u00d4NG S\u1ede<\/div>\n\t\t\t\t<\/a>\n\t\t\t\t<div class=\"wc-block-grid__product-price price\"><span class=\"woocommerce-Price-amount amount\">255,000&nbsp;<span class=\"woocommerce-Price-currencySymbol\">&#8363;<\/span><\/span><\/div>\n\t\t\t\t\n\t\t\t\t<div class=\"wp-block-button wc-block-grid__product-add-to-cart\"><a href=\"\/index.php\/wp-json\/wp\/v2\/pages\/8?add-to-cart=396\" aria-label=\"Th\u00eam v\u00e0o gi\u1ecf h\u00e0ng: &ldquo;QU\u1ea6N JEAN NAM \u1ed0NG \u0110\u1ee8NG  CO GI\u1ea2N THO\u1ea2I M\u00c1I CHO AE C\u00d4NG S\u1ede&rdquo;\" data-quantity=\"1\" data-product_id=\"396\" data-product_sku=\"\" data-price=\"255000\" rel=\"nofollow\" class=\"wp-block-button__link  add_to_cart_button ajax_add_to_cart\">Th\u00eam v\u00e0o gi\u1ecf h\u00e0ng<\/a><\/div>\n\t\t\t<\/li><li class=\"wc-block-grid__product\">\n\t\t\t\t<a href=\"https:\/\/hoangthien.toidayhoc.com\/index.php\/product\/ao-tru-polo-chat-vai-lua-bang\/\" class=\"wc-block-grid__product-link\">\n\t\t\t\t\t\n\t\t\t\t\t<div class=\"wc-block-grid__product-image\"><img loading=\"lazy\" decoding=\"async\" width=\"300\" height=\"300\" src=\"https:\/\/hoangthien.toidayhoc.com\/wp-content\/uploads\/2025\/09\/85-300x300.png\" class=\"attachment-woocommerce_thumbnail size-woocommerce_thumbnail\" alt=\"\u00c1O TR\u1ee4 POLO CH\u1ea4T V\u1ea2I L\u1ee4A B\u0102NG\" srcset=\"https:\/\/hoangthien.toidayhoc.com\/wp-content\/uploads\/2025\/09\/85-300x300.png 300w, https:\/\/hoangthien.toidayhoc.com\/wp-content\/uploads\/2025\/09\/85-150x150.png 150w, https:\/\/hoangthien.toidayhoc.com\/wp-content\/uploads\/2025\/09\/85-100x100.png 100w\" sizes=\"auto, (max-width: 300px) 100vw, 300px\" \/><\/div>\n\t\t\t\t\t<div class=\"wc-block-grid__product-title\">\u00c1O TR\u1ee4 POLO CH\u1ea4T V\u1ea2I L\u1ee4A B\u0102NG<\/div>\n\t\t\t\t<\/a>\n\t\t\t\t<div class=\"wc-block-grid__product-price price\"><span class=\"woocommerce-Price-amount amount\">255,000&nbsp;<span class=\"woocommerce-Price-currencySymbol\">&#8363;<\/span><\/span><\/div>\n\t\t\t\t\n\t\t\t\t<div class=\"wp-block-button wc-block-grid__product-add-to-cart\"><a href=\"\/index.php\/wp-json\/wp\/v2\/pages\/8?add-to-cart=375\" aria-label=\"Th\u00eam v\u00e0o gi\u1ecf h\u00e0ng: &ldquo;\u00c1O TR\u1ee4 POLO CH\u1ea4T V\u1ea2I L\u1ee4A B\u0102NG&rdquo;\" data-quantity=\"1\" data-product_id=\"375\" data-product_sku=\"\" data-price=\"255000\" rel=\"nofollow\" class=\"wp-block-button__link  add_to_cart_button ajax_add_to_cart\">Th\u00eam v\u00e0o gi\u1ecf h\u00e0ng<\/a><\/div>\n\t\t\t<\/li><\/ul><\/div><\/div>\n<\/div>\n","protected":false},"excerpt":{"rendered":"","protected":false},"author":1,"featured_media":0,"parent":0,"menu_order":0,"comment_status":"closed","ping_status":"closed","template":"","meta":{"footnotes":""},"class_list":["post-8","page","type-page","status-publish","hentry"],"_links":{"self":[{"href":"https:\/\/hoangthien.toidayhoc.com\/index.php\/wp-json\/wp\/v2\/pages\/8","targetHints":{"allow":["GET"]}}],"collection":[{"href":"https:\/\/hoangthien.toidayhoc.com\/index.php\/wp-json\/wp\/v2\/pages"}],"about":[{"href":"https:\/\/hoangthien.toidayhoc.com\/index.php\/wp-json\/wp\/v2\/types\/page"}],"author":[{"embeddable":true,"href":"https:\/\/hoangthien.toidayhoc.com\/index.php\/wp-json\/wp\/v2\/users\/1"}],"replies":[{"embeddable":true,"href":"https:\/\/hoangthien.toidayhoc.com\/index.php\/wp-json\/wp\/v2\/comments?post=8"}],"version-history":[{"count":1,"href":"https:\/\/hoangthien.toidayhoc.com\/index.php\/wp-json\/wp\/v2\/pages\/8\/revisions"}],"predecessor-version":[{"id":57,"href":"https:\/\/hoangthien.toidayhoc.com\/index.php\/wp-json\/wp\/v2\/pages\/8\/revisions\/57"}],"wp:attachment":[{"href":"https:\/\/hoangthien.toidayhoc.com\/index.php\/wp-json\/wp\/v2\/media?parent=8"}],"curies":[{"name":"wp","href":"https:\/\/api.w.org\/{rel}","templated":true}]}}